{"id":1060,"date":"2022-11-02T16:20:32","date_gmt":"2022-11-02T16:20:32","guid":{"rendered":"https:\/\/travelwithziggy.com\/?page_id=1060"},"modified":"2024-06-13T05:16:08","modified_gmt":"2024-06-13T05:16:08","slug":"team-building","status":"publish","type":"page","link":"https:\/\/travelwithziggy.com\/en\/team-building\/","title":{"rendered":"Team Building"},"content":{"rendered":"<div data-elementor-type=\"wp-page\" data-elementor-id=\"1060\" class=\"elementor elementor-1060\" data-elementor-post-type=\"page\">\n\t\t\t\t\t\t<section data-particle_enable=\"false\" data-particle-mobile-disabled=\"false\" class=\"elementor-section elementor-top-section elementor-element elementor-element-3f32778 elementor-section-height-min-height elementor-section-boxed elementor-section-height-default elementor-section-items-middle\" data-id=\"3f32778\" data-element_type=\"section\" data-e-type=\"section\" data-settings=\"{&quot;background_background&quot;:&quot;classic&quot;}\">\n\t\t\t\t\t\t\t<div class=\"elementor-background-overlay\"><\/div>\n\t\t\t\t\t\t\t<div class=\"elementor-container elementor-column-gap-default\">\n\t\t\t\t\t<div class=\"elementor-column elementor-col-100 elementor-top-column elementor-element elementor-element-bbedeae\" data-id=\"bbedeae\" data-element_type=\"column\" data-e-type=\"column\">\n\t\t\t<div class=\"elementor-widget-wrap elementor-element-populated\">\n\t\t\t\t\t\t<div class=\"elementor-element elementor-element-4c46f59 elementor-widget elementor-widget-heading\" data-id=\"4c46f59\" data-element_type=\"widget\" data-e-type=\"widget\" data-widget_type=\"heading.default\">\n\t\t\t\t<div class=\"elementor-widget-container\">\n\t\t\t\t\t<h1 class=\"elementor-heading-title elementor-size-default\">Team Building<\/h1>\t\t\t\t<\/div>\n\t\t\t\t<\/div>\n\t\t\t\t\t<\/div>\n\t\t<\/div>\n\t\t\t\t\t<\/div>\n\t\t<\/section>\n\t\t\t\t<section data-particle_enable=\"false\" data-particle-mobile-disabled=\"false\" class=\"elementor-section elementor-top-section elementor-element elementor-element-3bd9b8b elementor-section-boxed elementor-section-height-default elementor-section-height-default\" data-id=\"3bd9b8b\" data-element_type=\"section\" data-e-type=\"section\">\n\t\t\t\t\t\t<div class=\"elementor-container elementor-column-gap-default\">\n\t\t\t\t\t<div class=\"elementor-column elementor-col-100 elementor-top-column elementor-element elementor-element-42d4c75\" data-id=\"42d4c75\" data-element_type=\"column\" data-e-type=\"column\">\n\t\t\t<div class=\"elementor-widget-wrap elementor-element-populated\">\n\t\t\t\t\t\t<div class=\"elementor-element elementor-element-2069cb4 elementor-widget elementor-widget-text-editor\" data-id=\"2069cb4\" data-element_type=\"widget\" data-e-type=\"widget\" data-widget_type=\"text-editor.default\">\n\t\t\t\t<div class=\"elementor-widget-container\">\n\t\t\t\t\t\t\t\t\t<p>Nous offrons aux entreprises un service de team building. C\u2019est un tr\u00e8s bon moyen de partager un moment en terrain neutre, hors du cadre du travail, dans une ambiance conviviale, agr\u00e9able et fun. Le terme de \u00ab Team Building \u00bb est apparu dans les ann\u00e9es 1980 aux Etats-Unis, mais le concept m\u00eame de \u00ab construction d\u2019\u00e9quipe \u00bb nous vient d\u2019une \u00e9tude men\u00e9e par Elton Mayo portant sur le comportement des employ\u00e9s de la Western Electric, \u00e0 Chicago. Cette \u00e9tude a montr\u00e9 qu\u2019amener des employ\u00e9s \u00e0 \u00eatre solidaires et de les associer \u00e0 des objectifs communs a un effet tr\u00e8s b\u00e9n\u00e9fique sur leur productivit\u00e9. Bien plus qu\u2019une simple construction d\u2019\u00e9quipe, l\u2019objectif est de la souder et de cr\u00e9er une r\u00e9elle coh\u00e9sion gr\u00e2ce \u00e0 la formation de liens entre chaque membre d\u2019un groupe. Le cadre extra-professionnel permet de d\u00e9couvrir des comp\u00e9tences et qualit\u00e9s qui ne sont pas toujours mises en avant dans un cadre professionnel. Ce cadre et ce contexte permettront d\u2019\u00e9changer et de se conna\u00eetre bien plus rapidement que de passer des semaines \u00e0 se c\u00f4toyer au travail. C\u2019est en brisant la glace, en cr\u00e9ant un cadre plus proche du quotidien et en travaillant sur un objectif commun que le Team Building montre \u00e0 une \u00e9quipe qu\u2019elle est capable de travailler ensemble. Gr\u00e2ce \u00e0 la stimulation de l\u2019esprit d\u2019\u00e9quipe, chacun aura conscience de faire partie d\u2019un maillon d\u2019une m\u00eame cha\u00eene et de cr\u00e9er l\u2019identit\u00e9 de l\u2019entreprise. Ils seront plus enclins \u00e0 prendre des responsabilit\u00e9s. Et vous serez accompagn\u00e9s par un ou plusieurs de nos coachs certifi\u00e9s en d\u00e9veloppement personnel.<\/p>\t\t\t\t\t\t\t\t<\/div>\n\t\t\t\t<\/div>\n\t\t\t\t\t<\/div>\n\t\t<\/div>\n\t\t\t\t\t<\/div>\n\t\t<\/section>\n\t\t\t\t<section data-particle_enable=\"false\" data-particle-mobile-disabled=\"false\" class=\"elementor-section elementor-top-section elementor-element elementor-element-1deb6d8 elementor-section-boxed elementor-section-height-default elementor-section-height-default\" data-id=\"1deb6d8\" data-element_type=\"section\" data-e-type=\"section\">\n\t\t\t\t\t\t<div class=\"elementor-container elementor-column-gap-default\">\n\t\t\t\t\t<div class=\"elementor-column elementor-col-100 elementor-top-column elementor-element elementor-element-d53633d\" data-id=\"d53633d\" data-element_type=\"column\" data-e-type=\"column\">\n\t\t\t<div class=\"elementor-widget-wrap elementor-element-populated\">\n\t\t\t\t\t\t<section data-particle_enable=\"false\" data-particle-mobile-disabled=\"false\" class=\"elementor-section elementor-inner-section elementor-element elementor-element-a2d4dee elementor-section-boxed elementor-section-height-default elementor-section-height-default\" data-id=\"a2d4dee\" data-element_type=\"section\" data-e-type=\"section\" data-settings=\"{&quot;background_background&quot;:&quot;classic&quot;}\">\n\t\t\t\t\t\t<div class=\"elementor-container elementor-column-gap-default\">\n\t\t\t\t\t<div class=\"elementor-column elementor-col-100 elementor-inner-column elementor-element elementor-element-4ec1800\" data-id=\"4ec1800\" data-element_type=\"column\" data-e-type=\"column\">\n\t\t\t<div class=\"elementor-widget-wrap elementor-element-populated\">\n\t\t\t\t\t\t<div class=\"elementor-element elementor-element-6ba04e4 elementor-widget elementor-widget-heading\" data-id=\"6ba04e4\" data-element_type=\"widget\" data-e-type=\"widget\" data-widget_type=\"heading.default\">\n\t\t\t\t<div class=\"elementor-widget-container\">\n\t\t\t\t\t<h2 class=\"elementor-heading-title elementor-size-default\">Remplir le formulaire<\/h2>\t\t\t\t<\/div>\n\t\t\t\t<\/div>\n\t\t\t\t<div class=\"elementor-element elementor-element-dcaea90 elementor-widget elementor-widget-shortcode\" data-id=\"dcaea90\" data-element_type=\"widget\" data-e-type=\"widget\" data-widget_type=\"shortcode.default\">\n\t\t\t\t<div class=\"elementor-widget-container\">\n\t\t\t\t\t\t\t<div class=\"elementor-shortcode\">\n<div class=\"wpcf7 no-js\" id=\"wpcf7-f1070-o1\" lang=\"fr-FR\" dir=\"ltr\" data-wpcf7-id=\"1070\">\n<div class=\"screen-reader-response\"><p role=\"status\" aria-live=\"polite\" aria-atomic=\"true\"><\/p> <ul><\/ul><\/div>\n<form action=\"\/en\/wp-json\/wp\/v2\/pages\/1060#wpcf7-f1070-o1\" method=\"post\" class=\"wpcf7-form init\" aria-label=\"Formulaire de contact\" novalidate=\"novalidate\" data-status=\"init\" data-trp-original-action=\"\/en\/wp-json\/wp\/v2\/pages\/1060#wpcf7-f1070-o1\">\n<fieldset class=\"hidden-fields-container\"><input type=\"hidden\" name=\"_wpcf7\" value=\"1070\" \/><input type=\"hidden\" name=\"_wpcf7_version\" value=\"6.1.5\" \/><input type=\"hidden\" name=\"_wpcf7_locale\" value=\"fr_FR\" \/><input type=\"hidden\" name=\"_wpcf7_unit_tag\" value=\"wpcf7-f1070-o1\" \/><input type=\"hidden\" name=\"_wpcf7_container_post\" value=\"0\" \/><input type=\"hidden\" name=\"_wpcf7_posted_data_hash\" value=\"\" \/>\n<\/fieldset>\n<p><label> Nom et pr\u00e9nom<br \/>\n<span class=\"wpcf7-form-control-wrap\" data-name=\"your-name\"><input size=\"40\" maxlength=\"400\" class=\"wpcf7-form-control wpcf7-text wpcf7-validates-as-required\" aria-required=\"true\" aria-invalid=\"false\" value=\"\" type=\"text\" name=\"your-name\" \/><\/span> <\/label>\n<\/p>\n<p><label> Votre num\u00e9ro de t\u00e9l\u00e9phone<br \/>\n<span class=\"wpcf7-form-control-wrap\" data-name=\"your-tel\"><input size=\"40\" maxlength=\"400\" class=\"wpcf7-form-control wpcf7-tel wpcf7-validates-as-required wpcf7-text wpcf7-validates-as-tel\" aria-required=\"true\" aria-invalid=\"false\" value=\"\" type=\"tel\" name=\"your-tel\" \/><\/span> <\/label>\n<\/p>\n<p><label> Votre e-mail<br \/>\n<span class=\"wpcf7-form-control-wrap\" data-name=\"your-email\"><input size=\"40\" maxlength=\"400\" class=\"wpcf7-form-control wpcf7-email wpcf7-validates-as-required wpcf7-text wpcf7-validates-as-email\" aria-required=\"true\" aria-invalid=\"false\" value=\"\" type=\"email\" name=\"your-email\" \/><\/span> <\/label>\n<\/p>\n<p><label> Votre fonction<br \/>\n<span class=\"wpcf7-form-control-wrap\" data-name=\"your-fonction\"><input size=\"40\" maxlength=\"400\" class=\"wpcf7-form-control wpcf7-text wpcf7-validates-as-required\" aria-required=\"true\" aria-invalid=\"false\" value=\"\" type=\"text\" name=\"your-fonction\" \/><\/span> <\/label>\n<\/p>\n<p><label> Nom de l'entreprise<br \/>\n<span class=\"wpcf7-form-control-wrap\" data-name=\"your-ent\"><input size=\"40\" maxlength=\"400\" class=\"wpcf7-form-control wpcf7-text wpcf7-validates-as-required\" aria-required=\"true\" aria-invalid=\"false\" value=\"\" type=\"text\" name=\"your-ent\" \/><\/span> <\/label>\n<\/p>\n<p><label> Nombre de personnes participant au team building<br \/>\n<span class=\"wpcf7-form-control-wrap\" data-name=\"your-num\"><input class=\"wpcf7-form-control wpcf7-number wpcf7-validates-as-required wpcf7-validates-as-number\" aria-required=\"true\" aria-invalid=\"false\" value=\"\" type=\"number\" name=\"your-num\" \/><\/span> <\/label>\n<\/p>\n<p><label> Destinations (par ordre de choix)<br \/>\n<span class=\"wpcf7-form-control-wrap\" data-name=\"your-dest\"><input size=\"40\" maxlength=\"400\" class=\"wpcf7-form-control wpcf7-text wpcf7-validates-as-required\" aria-required=\"true\" aria-invalid=\"false\" value=\"\" type=\"text\" name=\"your-dest\" \/><\/span> <\/label>\n<\/p>\n<p><label> Budget Pr\u00e9visionnel<br \/>\n<span class=\"wpcf7-form-control-wrap\" data-name=\"your-budget\"><input class=\"wpcf7-form-control wpcf7-number wpcf7-validates-as-required wpcf7-validates-as-number\" aria-required=\"true\" aria-invalid=\"false\" value=\"\" type=\"number\" name=\"your-budget\" \/><\/span> <\/label>\n<\/p>\n<p><label> Message (facultatif)<br \/>\n<span class=\"wpcf7-form-control-wrap\" data-name=\"your-message\"><textarea cols=\"40\" rows=\"10\" maxlength=\"2000\" class=\"wpcf7-form-control wpcf7-textarea\" aria-invalid=\"false\" name=\"your-message\"><\/textarea><\/span> <\/label>\n<\/p>\n<p><input class=\"wpcf7-form-control wpcf7-submit has-spinner\" type=\"submit\" value=\"Envoyer\" \/>\n<\/p><div class=\"wpcf7-response-output\" aria-hidden=\"true\"><\/div>\n<input type=\"hidden\" name=\"trp-form-language\" value=\"en\"\/><\/form>\n<\/div>\n<\/div>\n\t\t\t\t\t\t<\/div>\n\t\t\t\t<\/div>\n\t\t\t\t\t<\/div>\n\t\t<\/div>\n\t\t\t\t\t<\/div>\n\t\t<\/section>\n\t\t\t\t\t<\/div>\n\t\t<\/div>\n\t\t\t\t\t<\/div>\n\t\t<\/section>\n\t\t\t\t<\/div>","protected":false},"excerpt":{"rendered":"<p>Team Building Nous offrons aux entreprises un service de team building. C\u2019est un tr\u00e8s bon moyen de partager un moment en terrain neutre, hors du cadre du travail, dans une ambiance conviviale, agr\u00e9able et fun. Le terme de \u00ab Team Building \u00bb est apparu dans les ann\u00e9es 1980 aux Etats-Unis, mais le concept m\u00eame de [&hellip;]<\/p>","protected":false},"author":8,"featured_media":1639,"parent":0,"menu_order":0,"comment_status":"closed","ping_status":"closed","template":"elementor_header_footer","meta":{"footnotes":""},"class_list":["post-1060","page","type-page","status-publish","has-post-thumbnail","hentry"],"yoast_head":"<!-- This site is optimized with the Yoast SEO Premium plugin v22.3 (Yoast SEO v27.4) - https:\/\/yoast.com\/product\/yoast-seo-premium-wordpress\/ -->\n<title>Team Building - TravelWithZiggy<\/title>\n<meta name=\"description\" content=\"Nous offrons aux entreprises un service de team building. C\u2019est un tr\u00e8s bon moyen de partager un moment en terrain neutre...\" \/>\n<meta name=\"robots\" content=\"index, follow, max-snippet:-1, max-image-preview:large, max-video-preview:-1\" \/>\n<link rel=\"canonical\" href=\"https:\/\/travelwithziggy.com\/en\/team-building\/\" \/>\n<meta property=\"og:locale\" content=\"en_GB\" \/>\n<meta property=\"og:type\" content=\"article\" \/>\n<meta property=\"og:title\" content=\"Team Building - TravelWithZiggy\" \/>\n<meta property=\"og:description\" content=\"Team Building Nous offrons aux entreprises un service de team building. C\u2019est un tr\u00e8s bon moyen de partager un moment en terrain neutre, hors du cadre du\" \/>\n<meta property=\"og:url\" content=\"https:\/\/travelwithziggy.com\/en\/team-building\/\" \/>\n<meta property=\"og:site_name\" content=\"TravelWithZiggy\" \/>\n<meta property=\"article:publisher\" content=\"https:\/\/www.facebook.com\/travelwithziggy\/\" \/>\n<meta property=\"article:modified_time\" content=\"2024-06-13T05:16:08+00:00\" \/>\n<meta property=\"og:image\" content=\"https:\/\/travelwithziggy.com\/wp-content\/uploads\/2022\/11\/laughing-diverse-group-friends-sitting-table-living-room-while-playing-society-games-casual-multiethnic-people-sitting-home-while-enjoying-fun-leisure-time-activities-together-scaled.jpg\" \/>\n\t<meta property=\"og:image:width\" content=\"2560\" \/>\n\t<meta property=\"og:image:height\" content=\"1707\" \/>\n\t<meta property=\"og:image:type\" content=\"image\/jpeg\" \/>\n<meta name=\"twitter:card\" content=\"summary_large_image\" \/>\n<meta name=\"twitter:title\" content=\"Team Building - TravelWithZiggy\" \/>\n<meta name=\"twitter:site\" content=\"@travelwithziggy\" \/>\n<script type=\"application\/ld+json\" class=\"yoast-schema-graph\">{\"@context\":\"https:\\\/\\\/schema.org\",\"@graph\":[{\"@type\":\"WebPage\",\"@id\":\"https:\\\/\\\/travelwithziggy.com\\\/team-building\\\/\",\"url\":\"https:\\\/\\\/travelwithziggy.com\\\/team-building\\\/\",\"name\":\"Team Building - TravelWithZiggy\",\"isPartOf\":{\"@id\":\"https:\\\/\\\/travelwithziggy.com\\\/#website\"},\"primaryImageOfPage\":{\"@id\":\"https:\\\/\\\/travelwithziggy.com\\\/team-building\\\/#primaryimage\"},\"image\":{\"@id\":\"https:\\\/\\\/travelwithziggy.com\\\/team-building\\\/#primaryimage\"},\"thumbnailUrl\":\"https:\\\/\\\/travelwithziggy.com\\\/wp-content\\\/uploads\\\/2022\\\/11\\\/laughing-diverse-group-friends-sitting-table-living-room-while-playing-society-games-casual-multiethnic-people-sitting-home-while-enjoying-fun-leisure-time-activities-together-scaled.jpg\",\"datePublished\":\"2022-11-02T16:20:32+00:00\",\"dateModified\":\"2024-06-13T05:16:08+00:00\",\"description\":\"Nous offrons aux entreprises un service de team building. C\u2019est un tr\u00e8s bon moyen de partager un moment en terrain neutre...\",\"breadcrumb\":{\"@id\":\"https:\\\/\\\/travelwithziggy.com\\\/team-building\\\/#breadcrumb\"},\"inLanguage\":\"en-GB\",\"potentialAction\":[{\"@type\":\"ReadAction\",\"target\":[\"https:\\\/\\\/travelwithziggy.com\\\/team-building\\\/\"]}]},{\"@type\":\"ImageObject\",\"inLanguage\":\"en-GB\",\"@id\":\"https:\\\/\\\/travelwithziggy.com\\\/team-building\\\/#primaryimage\",\"url\":\"https:\\\/\\\/travelwithziggy.com\\\/wp-content\\\/uploads\\\/2022\\\/11\\\/laughing-diverse-group-friends-sitting-table-living-room-while-playing-society-games-casual-multiethnic-people-sitting-home-while-enjoying-fun-leisure-time-activities-together-scaled.jpg\",\"contentUrl\":\"https:\\\/\\\/travelwithziggy.com\\\/wp-content\\\/uploads\\\/2022\\\/11\\\/laughing-diverse-group-friends-sitting-table-living-room-while-playing-society-games-casual-multiethnic-people-sitting-home-while-enjoying-fun-leisure-time-activities-together-scaled.jpg\",\"width\":2560,\"height\":1707,\"caption\":\"Laughing diverse group of friends sitting at table in living room while playing society games. Casual multiethnic people sitting at home while enjoying fun leisure time activities together.\"},{\"@type\":\"BreadcrumbList\",\"@id\":\"https:\\\/\\\/travelwithziggy.com\\\/team-building\\\/#breadcrumb\",\"itemListElement\":[{\"@type\":\"ListItem\",\"position\":1,\"name\":\"Accueil\",\"item\":\"https:\\\/\\\/travelwithziggy.com\\\/\"},{\"@type\":\"ListItem\",\"position\":2,\"name\":\"Team Building\"}]},{\"@type\":\"WebSite\",\"@id\":\"https:\\\/\\\/travelwithziggy.com\\\/#website\",\"url\":\"https:\\\/\\\/travelwithziggy.com\\\/\",\"name\":\"TravelWithZiggy\",\"description\":\"Explore le monde avec moi\",\"publisher\":{\"@id\":\"https:\\\/\\\/travelwithziggy.com\\\/#organization\"},\"potentialAction\":[{\"@type\":\"SearchAction\",\"target\":{\"@type\":\"EntryPoint\",\"urlTemplate\":\"https:\\\/\\\/travelwithziggy.com\\\/?s={search_term_string}\"},\"query-input\":{\"@type\":\"PropertyValueSpecification\",\"valueRequired\":true,\"valueName\":\"search_term_string\"}}],\"inLanguage\":\"en-GB\"},{\"@type\":\"Organization\",\"@id\":\"https:\\\/\\\/travelwithziggy.com\\\/#organization\",\"name\":\"Travelwithziggy\",\"url\":\"https:\\\/\\\/travelwithziggy.com\\\/\",\"logo\":{\"@type\":\"ImageObject\",\"inLanguage\":\"en-GB\",\"@id\":\"https:\\\/\\\/travelwithziggy.com\\\/#\\\/schema\\\/logo\\\/image\\\/\",\"url\":\"https:\\\/\\\/travelwithziggy.com\\\/wp-content\\\/uploads\\\/2022\\\/11\\\/T.W.Z-logotype-1.png\",\"contentUrl\":\"https:\\\/\\\/travelwithziggy.com\\\/wp-content\\\/uploads\\\/2022\\\/11\\\/T.W.Z-logotype-1.png\",\"width\":2794,\"height\":2794,\"caption\":\"Travelwithziggy\"},\"image\":{\"@id\":\"https:\\\/\\\/travelwithziggy.com\\\/#\\\/schema\\\/logo\\\/image\\\/\"},\"sameAs\":[\"https:\\\/\\\/www.facebook.com\\\/travelwithziggy\\\/\",\"https:\\\/\\\/x.com\\\/travelwithziggy\",\"https:\\\/\\\/www.instagram.com\\\/travelwithziggy\\\/\"],\"description\":\"Travelwithziggy est un tour op\u00e9rateur qui a \u00e9t\u00e9 mis en place par Ziggy Faye, jeune aventurier passionn\u00e9 de voyage et de d\u00e9couvertes. Cette entreprise bas\u00e9e \u00e0 Dakar, au S\u00e9n\u00e9gal, se veut une envergure internationale en faisant voyager des gens venant des quatre coins du monde.\",\"email\":\"info@travelwithziggy.com\",\"telephone\":\"+221 77 629 09 09\",\"legalName\":\"Travelwithziggy\",\"numberOfEmployees\":{\"@type\":\"QuantitativeValue\",\"minValue\":\"1\",\"maxValue\":\"10\"}}]}<\/script>\n<!-- \/ Yoast SEO Premium plugin. -->","yoast_head_json":{"title":"Team Building - TravelWithZiggy","description":"Nous offrons aux entreprises un service de team building. C\u2019est un tr\u00e8s bon moyen de partager un moment en terrain neutre...","robots":{"index":"index","follow":"follow","max-snippet":"max-snippet:-1","max-image-preview":"max-image-preview:large","max-video-preview":"max-video-preview:-1"},"canonical":"https:\/\/travelwithziggy.com\/en\/team-building\/","og_locale":"en_GB","og_type":"article","og_title":"Team Building - TravelWithZiggy","og_description":"Team Building Nous offrons aux entreprises un service de team building. C\u2019est un tr\u00e8s bon moyen de partager un moment en terrain neutre, hors du cadre du","og_url":"https:\/\/travelwithziggy.com\/en\/team-building\/","og_site_name":"TravelWithZiggy","article_publisher":"https:\/\/www.facebook.com\/travelwithziggy\/","article_modified_time":"2024-06-13T05:16:08+00:00","og_image":[{"width":2560,"height":1707,"url":"https:\/\/travelwithziggy.com\/wp-content\/uploads\/2022\/11\/laughing-diverse-group-friends-sitting-table-living-room-while-playing-society-games-casual-multiethnic-people-sitting-home-while-enjoying-fun-leisure-time-activities-together-scaled.jpg","type":"image\/jpeg"}],"twitter_card":"summary_large_image","twitter_title":"Team Building - TravelWithZiggy","twitter_site":"@travelwithziggy","schema":{"@context":"https:\/\/schema.org","@graph":[{"@type":"WebPage","@id":"https:\/\/travelwithziggy.com\/team-building\/","url":"https:\/\/travelwithziggy.com\/team-building\/","name":"Team Building - TravelWithZiggy","isPartOf":{"@id":"https:\/\/travelwithziggy.com\/#website"},"primaryImageOfPage":{"@id":"https:\/\/travelwithziggy.com\/team-building\/#primaryimage"},"image":{"@id":"https:\/\/travelwithziggy.com\/team-building\/#primaryimage"},"thumbnailUrl":"https:\/\/travelwithziggy.com\/wp-content\/uploads\/2022\/11\/laughing-diverse-group-friends-sitting-table-living-room-while-playing-society-games-casual-multiethnic-people-sitting-home-while-enjoying-fun-leisure-time-activities-together-scaled.jpg","datePublished":"2022-11-02T16:20:32+00:00","dateModified":"2024-06-13T05:16:08+00:00","description":"Nous offrons aux entreprises un service de team building. C\u2019est un tr\u00e8s bon moyen de partager un moment en terrain neutre...","breadcrumb":{"@id":"https:\/\/travelwithziggy.com\/team-building\/#breadcrumb"},"inLanguage":"en-GB","potentialAction":[{"@type":"ReadAction","target":["https:\/\/travelwithziggy.com\/team-building\/"]}]},{"@type":"ImageObject","inLanguage":"en-GB","@id":"https:\/\/travelwithziggy.com\/team-building\/#primaryimage","url":"https:\/\/travelwithziggy.com\/wp-content\/uploads\/2022\/11\/laughing-diverse-group-friends-sitting-table-living-room-while-playing-society-games-casual-multiethnic-people-sitting-home-while-enjoying-fun-leisure-time-activities-together-scaled.jpg","contentUrl":"https:\/\/travelwithziggy.com\/wp-content\/uploads\/2022\/11\/laughing-diverse-group-friends-sitting-table-living-room-while-playing-society-games-casual-multiethnic-people-sitting-home-while-enjoying-fun-leisure-time-activities-together-scaled.jpg","width":2560,"height":1707,"caption":"Laughing diverse group of friends sitting at table in living room while playing society games. Casual multiethnic people sitting at home while enjoying fun leisure time activities together."},{"@type":"BreadcrumbList","@id":"https:\/\/travelwithziggy.com\/team-building\/#breadcrumb","itemListElement":[{"@type":"ListItem","position":1,"name":"Accueil","item":"https:\/\/travelwithziggy.com\/"},{"@type":"ListItem","position":2,"name":"Team Building"}]},{"@type":"WebSite","@id":"https:\/\/travelwithziggy.com\/#website","url":"https:\/\/travelwithziggy.com\/","name":"TravelWithZiggy","description":"Explore le monde avec moi","publisher":{"@id":"https:\/\/travelwithziggy.com\/#organization"},"potentialAction":[{"@type":"SearchAction","target":{"@type":"EntryPoint","urlTemplate":"https:\/\/travelwithziggy.com\/?s={search_term_string}"},"query-input":{"@type":"PropertyValueSpecification","valueRequired":true,"valueName":"search_term_string"}}],"inLanguage":"en-GB"},{"@type":"Organization","@id":"https:\/\/travelwithziggy.com\/#organization","name":"Travelwithziggy","url":"https:\/\/travelwithziggy.com\/","logo":{"@type":"ImageObject","inLanguage":"en-GB","@id":"https:\/\/travelwithziggy.com\/#\/schema\/logo\/image\/","url":"https:\/\/travelwithziggy.com\/wp-content\/uploads\/2022\/11\/T.W.Z-logotype-1.png","contentUrl":"https:\/\/travelwithziggy.com\/wp-content\/uploads\/2022\/11\/T.W.Z-logotype-1.png","width":2794,"height":2794,"caption":"Travelwithziggy"},"image":{"@id":"https:\/\/travelwithziggy.com\/#\/schema\/logo\/image\/"},"sameAs":["https:\/\/www.facebook.com\/travelwithziggy\/","https:\/\/x.com\/travelwithziggy","https:\/\/www.instagram.com\/travelwithziggy\/"],"description":"Travelwithziggy est un tour op\u00e9rateur qui a \u00e9t\u00e9 mis en place par Ziggy Faye, jeune aventurier passionn\u00e9 de voyage et de d\u00e9couvertes. Cette entreprise bas\u00e9e \u00e0 Dakar, au S\u00e9n\u00e9gal, se veut une envergure internationale en faisant voyager des gens venant des quatre coins du monde.","email":"info@travelwithziggy.com","telephone":"+221 77 629 09 09","legalName":"Travelwithziggy","numberOfEmployees":{"@type":"QuantitativeValue","minValue":"1","maxValue":"10"}}]}},"_links":{"self":[{"href":"https:\/\/travelwithziggy.com\/en\/wp-json\/wp\/v2\/pages\/1060","targetHints":{"allow":["GET"]}}],"collection":[{"href":"https:\/\/travelwithziggy.com\/en\/wp-json\/wp\/v2\/pages"}],"about":[{"href":"https:\/\/travelwithziggy.com\/en\/wp-json\/wp\/v2\/types\/page"}],"author":[{"embeddable":true,"href":"https:\/\/travelwithziggy.com\/en\/wp-json\/wp\/v2\/users\/8"}],"replies":[{"embeddable":true,"href":"https:\/\/travelwithziggy.com\/en\/wp-json\/wp\/v2\/comments?post=1060"}],"version-history":[{"count":1,"href":"https:\/\/travelwithziggy.com\/en\/wp-json\/wp\/v2\/pages\/1060\/revisions"}],"predecessor-version":[{"id":2132,"href":"https:\/\/travelwithziggy.com\/en\/wp-json\/wp\/v2\/pages\/1060\/revisions\/2132"}],"wp:featuredmedia":[{"embeddable":true,"href":"https:\/\/travelwithziggy.com\/en\/wp-json\/wp\/v2\/media\/1639"}],"wp:attachment":[{"href":"https:\/\/travelwithziggy.com\/en\/wp-json\/wp\/v2\/media?parent=1060"}],"curies":[{"name":"wp","href":"https:\/\/api.w.org\/{rel}","templated":true}]}}