{"id":5,"date":"2018-11-27T09:17:08","date_gmt":"2018-11-27T09:17:08","guid":{"rendered":"https:\/\/travelwithziggy.com\/about\/"},"modified":"2023-03-05T21:33:04","modified_gmt":"2023-03-05T21:33:04","slug":"a-propos","status":"publish","type":"page","link":"https:\/\/travelwithziggy.com\/en\/a-propos\/","title":{"rendered":"A Propos"},"content":{"rendered":"<div data-elementor-type=\"wp-post\" data-elementor-id=\"5\" class=\"elementor elementor-5\" data-elementor-post-type=\"page\">\n\t\t\t\t\t\t<section data-particle_enable=\"false\" data-particle-mobile-disabled=\"false\" class=\"elementor-section elementor-top-section elementor-element elementor-element-d7d8b56 elementor-section-height-min-height elementor-section-boxed elementor-section-height-default elementor-section-items-middle\" data-id=\"d7d8b56\" data-element_type=\"section\" data-e-type=\"section\" data-settings=\"{&quot;background_background&quot;:&quot;classic&quot;}\">\n\t\t\t\t\t\t\t<div class=\"elementor-background-overlay\"><\/div>\n\t\t\t\t\t\t\t<div class=\"elementor-container elementor-column-gap-default\">\n\t\t\t\t\t<div class=\"elementor-column elementor-col-100 elementor-top-column elementor-element elementor-element-fd69444\" data-id=\"fd69444\" data-element_type=\"column\" data-e-type=\"column\">\n\t\t\t<div class=\"elementor-widget-wrap elementor-element-populated\">\n\t\t\t\t\t\t<div class=\"elementor-element elementor-element-abcc2f2 elementor-widget elementor-widget-heading\" data-id=\"abcc2f2\" data-element_type=\"widget\" data-e-type=\"widget\" data-widget_type=\"heading.default\">\n\t\t\t\t<div class=\"elementor-widget-container\">\n\t\t\t\t\t<h1 class=\"elementor-heading-title elementor-size-default\">Qui Sommes Nous?<\/h1>\t\t\t\t<\/div>\n\t\t\t\t<\/div>\n\t\t\t\t\t<\/div>\n\t\t<\/div>\n\t\t\t\t\t<\/div>\n\t\t<\/section>\n\t\t\t\t<section data-particle_enable=\"false\" data-particle-mobile-disabled=\"false\" class=\"elementor-section elementor-top-section elementor-element elementor-element-65d2c41 elementor-section-height-min-height elementor-section-boxed elementor-section-height-default elementor-section-items-middle\" data-id=\"65d2c41\" data-element_type=\"section\" data-e-type=\"section\">\n\t\t\t\t\t\t<div class=\"elementor-container elementor-column-gap-default\">\n\t\t\t\t\t<div class=\"elementor-column elementor-col-100 elementor-top-column elementor-element elementor-element-802fb13\" data-id=\"802fb13\" data-element_type=\"column\" data-e-type=\"column\">\n\t\t\t<div class=\"elementor-widget-wrap elementor-element-populated\">\n\t\t\t\t\t\t<section data-particle_enable=\"false\" data-particle-mobile-disabled=\"false\" class=\"elementor-section elementor-inner-section elementor-element elementor-element-9703381 elementor-section-full_width elementor-section-height-min-height elementor-reverse-mobile elementor-section-height-default\" data-id=\"9703381\" data-element_type=\"section\" data-e-type=\"section\" data-settings=\"{&quot;background_background&quot;:&quot;classic&quot;}\">\n\t\t\t\t\t\t<div class=\"elementor-container elementor-column-gap-wider\">\n\t\t\t\t\t<div class=\"elementor-column elementor-col-50 elementor-inner-column elementor-element elementor-element-e7709ed\" data-id=\"e7709ed\" data-element_type=\"column\" data-e-type=\"column\">\n\t\t\t<div class=\"elementor-widget-wrap elementor-element-populated\">\n\t\t\t\t\t\t<div class=\"elementor-element elementor-element-35a38c7 elementor-widget elementor-widget-heading\" data-id=\"35a38c7\" data-element_type=\"widget\" data-e-type=\"widget\" data-widget_type=\"heading.default\">\n\t\t\t\t<div class=\"elementor-widget-container\">\n\t\t\t\t\t<h2 class=\"elementor-heading-title elementor-size-default\">Pr\u00e9sentation Ziggy Faye<\/h2>\t\t\t\t<\/div>\n\t\t\t\t<\/div>\n\t\t\t\t<div class=\"elementor-element elementor-element-726be49 elementor-widget elementor-widget-text-editor\" data-id=\"726be49\" data-element_type=\"widget\" data-e-type=\"widget\" data-widget_type=\"text-editor.default\">\n\t\t\t\t<div class=\"elementor-widget-container\">\n\t\t\t\t\t\t\t\t\t<div><div dir=\"auto\">Ziggy Faye est un jeune dipl\u00f4m\u00e9 en informatique et r\u00e9seaux t\u00e9l\u00e9com qui a un amour fou pour les voyages, la mode et la communication. Alors qu\u2019il travaillait pour un grand op\u00e9rateur mobile en tant qu\u2019ing\u00e9nieur t\u00e9l\u00e9com, il d\u00e9veloppe le concept \u00ab UN WEEK-END UNE VILLE \u00bb qui l\u2019amenait \u00e0 d\u00e9couvrir chaque semaine une ville du S\u00e9n\u00e9gal. Il en revenait avec des photos et de petits articles qu\u2019il partageait sur Facebook et ensuite sur overblog. Ziggy a eu un d\u00e9clic apr\u00e8s un s\u00e9jour \u00e0 Kuala Lumpur (Malaisie) et \u00e0 Guangzhou (Chine). C\u2019est par la suite qu\u2019il d\u00e9missionne de son boulot pour se concentrer \u00e0 sa passion : voyage<\/div><div dir=\"auto\">Aujourd\u2019hui il g\u00e8re son agence d\u2019excursion et anime une \u00e9mission de voyage qui passe dans une cha\u00eene de t\u00e9l\u00e9vision locale deux fois par semaine.<\/div><\/div><div class=\"yj6qo\">\u00a0<\/div><div class=\"adL\">\u00a0<\/div>\t\t\t\t\t\t\t\t<\/div>\n\t\t\t\t<\/div>\n\t\t\t\t\t<\/div>\n\t\t<\/div>\n\t\t\t\t<div class=\"elementor-column elementor-col-50 elementor-inner-column elementor-element elementor-element-afa8291\" data-id=\"afa8291\" data-element_type=\"column\" data-e-type=\"column\">\n\t\t\t<div class=\"elementor-widget-wrap elementor-element-populated\">\n\t\t\t\t\t\t<div class=\"elementor-element elementor-element-249465a elementor-widget elementor-widget-image\" data-id=\"249465a\" data-element_type=\"widget\" data-e-type=\"widget\" data-widget_type=\"image.default\">\n\t\t\t\t<div class=\"elementor-widget-container\">\n\t\t\t\t\t\t\t\t\t\t\t\t\t\t\t<img fetchpriority=\"high\" decoding=\"async\" width=\"360\" height=\"480\" src=\"https:\/\/travelwithziggy.com\/wp-content\/uploads\/2022\/11\/image-29-11-22-02-09.jpeg\" class=\"attachment-large size-large wp-image-1696\" alt=\"\" srcset=\"https:\/\/travelwithziggy.com\/wp-content\/uploads\/2022\/11\/image-29-11-22-02-09.jpeg 360w, https:\/\/travelwithziggy.com\/wp-content\/uploads\/2022\/11\/image-29-11-22-02-09-225x300.jpeg 225w, https:\/\/travelwithziggy.com\/wp-content\/uploads\/2022\/11\/image-29-11-22-02-09-9x12.jpeg 9w\" sizes=\"(max-width: 360px) 100vw, 360px\" \/>\t\t\t\t\t\t\t\t\t\t\t\t\t\t\t<\/div>\n\t\t\t\t<\/div>\n\t\t\t\t\t<\/div>\n\t\t<\/div>\n\t\t\t\t\t<\/div>\n\t\t<\/section>\n\t\t\t\t<section data-particle_enable=\"false\" data-particle-mobile-disabled=\"false\" class=\"elementor-section elementor-inner-section elementor-element elementor-element-a127e01 elementor-section-full_width elementor-section-height-min-height elementor-section-height-default\" data-id=\"a127e01\" data-element_type=\"section\" data-e-type=\"section\" data-settings=\"{&quot;background_background&quot;:&quot;classic&quot;}\">\n\t\t\t\t\t\t<div class=\"elementor-container elementor-column-gap-wider\">\n\t\t\t\t\t<div class=\"elementor-column elementor-col-50 elementor-inner-column elementor-element elementor-element-47c6281\" data-id=\"47c6281\" data-element_type=\"column\" data-e-type=\"column\">\n\t\t\t<div class=\"elementor-widget-wrap elementor-element-populated\">\n\t\t\t\t\t\t<div class=\"elementor-element elementor-element-2fa202e elementor-widget elementor-widget-image\" data-id=\"2fa202e\" data-element_type=\"widget\" data-e-type=\"widget\" data-widget_type=\"image.default\">\n\t\t\t\t<div class=\"elementor-widget-container\">\n\t\t\t\t\t\t\t\t\t\t\t\t\t\t\t<img decoding=\"async\" width=\"251\" height=\"300\" src=\"https:\/\/travelwithziggy.com\/wp-content\/uploads\/2022\/10\/cropped-T.W.Z-logotype-1-251x300-1.png\" class=\"attachment-large size-large wp-image-941\" alt=\"\" \/>\t\t\t\t\t\t\t\t\t\t\t\t\t\t\t<\/div>\n\t\t\t\t<\/div>\n\t\t\t\t\t<\/div>\n\t\t<\/div>\n\t\t\t\t<div class=\"elementor-column elementor-col-50 elementor-inner-column elementor-element elementor-element-744e8cd\" data-id=\"744e8cd\" data-element_type=\"column\" data-e-type=\"column\">\n\t\t\t<div class=\"elementor-widget-wrap elementor-element-populated\">\n\t\t\t\t\t\t<div class=\"elementor-element elementor-element-52ec570 elementor-widget elementor-widget-heading\" data-id=\"52ec570\" data-element_type=\"widget\" data-e-type=\"widget\" data-widget_type=\"heading.default\">\n\t\t\t\t<div class=\"elementor-widget-container\">\n\t\t\t\t\t<h2 class=\"elementor-heading-title elementor-size-default\">Pr\u00e9sentation TravelwithZiggy<\/h2>\t\t\t\t<\/div>\n\t\t\t\t<\/div>\n\t\t\t\t<div class=\"elementor-element elementor-element-1f9f847 elementor-widget elementor-widget-text-editor\" data-id=\"1f9f847\" data-element_type=\"widget\" data-e-type=\"widget\" data-widget_type=\"text-editor.default\">\n\t\t\t\t<div class=\"elementor-widget-container\">\n\t\t\t\t\t\t\t\t\tTravel with Ziggy est un tour op\u00e9rateur qui a \u00e9t\u00e9 mis en place par Ziggy Faye,\njeune aventurier passionn\u00e9 de voyage et de d\u00e9couvertes. Cette entreprise\nbas\u00e9e \u00e0 Dakar, au S\u00e9n\u00e9gal, se veut une envergure internationale en faisant\nvoyager des gens venant des quatre coins du monde.<br>\nCes voyages ont pour but premier de vendre la destination S\u00e9n\u00e9gal en faisant la\npromotion touristique de ce pays qui regorge de sites extraordinaires. La\nremarque g\u00e9n\u00e9rale \u00e9tait que le s\u00e9n\u00e9galais a, pendant longtemps, cru que les\nseuls voyages sont ceux qui se faisaient par avion.<br>\nCe qui fait que bien des s\u00e9n\u00e9galais qui en ont les moyens se sont toujours\nempress\u00e9s pour aller \u00e0 Paris, New York&#8230; pour profiter de leurs cong\u00e9s annuels.\nAlors que la plus part de ces s\u00e9n\u00e9galais ignore qu\u2019il existe des endroits\nparadisiaques dans leur propre pays. Ayant attis\u00e9 la curiosit\u00e9 de ceux qui\nsuivaient ses posts sur les r\u00e9seaux sociaux, Ziggy ouvre un tour op\u00e9rateur et se\nplace comme entrepreneur touristique.<br>\nL\u2019id\u00e9e \u00e9tait de developper la culture du voyage int\u00e9rieur chez le s\u00e9n\u00e9galais tout\nen \u00e9largissant sa client\u00e8le aux expatri\u00e9s et aux rapatri\u00e9s qui, pour des raisons\nprofessionnelles ou autres, se sont install\u00e9s au S\u00e9n\u00e9gal. Sur demande des gens\nqui le suivaient sur les r\u00e9seaux, le concept d\u2019un weekend une ville est devenu\nTravel With Ziggy.<br>\nEntreprise formelle r\u00e9gie aupr\u00e8s de l\u2019APIX (Agence Nationale Pour la Promotion\ndes Investissements et des Grands Travaux), Travel with Ziggy fait voyager\ndepuis trois (03) ans des clients venant du S\u00e9n\u00e9gal et d\u2019ailleurs.\t\t\t\t\t\t\t\t<\/div>\n\t\t\t\t<\/div>\n\t\t\t\t\t<\/div>\n\t\t<\/div>\n\t\t\t\t\t<\/div>\n\t\t<\/section>\n\t\t\t\t\t<\/div>\n\t\t<\/div>\n\t\t\t\t\t<\/div>\n\t\t<\/section>\n\t\t\t\t<\/div>","protected":false},"excerpt":{"rendered":"<p>Qui Sommes Nous? Pr\u00e9sentation Ziggy Faye Ziggy Faye est un jeune dipl\u00f4m\u00e9 en informatique et r\u00e9seaux t\u00e9l\u00e9com qui a un amour fou pour les voyages, la mode et la communication. Alors qu\u2019il travaillait pour un grand op\u00e9rateur mobile en tant qu\u2019ing\u00e9nieur t\u00e9l\u00e9com, il d\u00e9veloppe le concept \u00ab UN WEEK-END UNE VILLE \u00bb qui l\u2019amenait \u00e0 [&hellip;]<\/p>","protected":false},"author":8,"featured_media":1199,"parent":0,"menu_order":0,"comment_status":"closed","ping_status":"closed","template":"elementor_header_footer","meta":{"footnotes":""},"class_list":["post-5","page","type-page","status-publish","has-post-thumbnail","hentry"],"yoast_head":"<!-- This site is optimized with the Yoast SEO Premium plugin v22.3 (Yoast SEO v27.3) - https:\/\/yoast.com\/product\/yoast-seo-premium-wordpress\/ -->\n<title>A Propos - TravelWithZiggy - Explore le monde avec moi<\/title>\n<meta name=\"description\" content=\"Travel with Ziggy est un tour op\u00e9rateur qui a \u00e9t\u00e9 mis en place par Ziggy Faye, jeune aventurier passionn\u00e9 de voyage et de d\u00e9couvertes.\" \/>\n<meta name=\"robots\" content=\"index, follow, max-snippet:-1, max-image-preview:large, max-video-preview:-1\" \/>\n<link rel=\"canonical\" href=\"https:\/\/travelwithziggy.com\/en\/a-propos\/\" \/>\n<meta property=\"og:locale\" content=\"en_GB\" \/>\n<meta property=\"og:type\" content=\"article\" \/>\n<meta property=\"og:title\" content=\"A Propos\" \/>\n<meta property=\"og:description\" content=\"Qui Sommes Nous? Pr\u00e9sentation Ziggy Faye Ziggy Faye est un jeune dipl\u00f4m\u00e9 en informatique et r\u00e9seaux t\u00e9l\u00e9com qui a un amour fou pour les voyages, la mode\" \/>\n<meta property=\"og:url\" content=\"https:\/\/travelwithziggy.com\/en\/a-propos\/\" \/>\n<meta property=\"og:site_name\" content=\"TravelWithZiggy\" \/>\n<meta property=\"article:publisher\" content=\"https:\/\/www.facebook.com\/travelwithziggy\/\" \/>\n<meta property=\"article:modified_time\" content=\"2023-03-05T21:33:04+00:00\" \/>\n<meta property=\"og:image\" content=\"https:\/\/travelwithziggy.com\/wp-content\/uploads\/2022\/11\/T.W.Z-logotype-1.png\" \/>\n\t<meta property=\"og:image:width\" content=\"2794\" \/>\n\t<meta property=\"og:image:height\" content=\"2794\" \/>\n\t<meta property=\"og:image:type\" content=\"image\/png\" \/>\n<meta name=\"twitter:card\" content=\"summary_large_image\" \/>\n<meta name=\"twitter:site\" content=\"@travelwithziggy\" \/>\n<script type=\"application\/ld+json\" class=\"yoast-schema-graph\">{\"@context\":\"https:\\\/\\\/schema.org\",\"@graph\":[{\"@type\":\"WebPage\",\"@id\":\"https:\\\/\\\/travelwithziggy.com\\\/a-propos\\\/\",\"url\":\"https:\\\/\\\/travelwithziggy.com\\\/a-propos\\\/\",\"name\":\"A Propos - TravelWithZiggy - Explore le monde avec moi\",\"isPartOf\":{\"@id\":\"https:\\\/\\\/travelwithziggy.com\\\/#website\"},\"primaryImageOfPage\":{\"@id\":\"https:\\\/\\\/travelwithziggy.com\\\/a-propos\\\/#primaryimage\"},\"image\":{\"@id\":\"https:\\\/\\\/travelwithziggy.com\\\/a-propos\\\/#primaryimage\"},\"thumbnailUrl\":\"https:\\\/\\\/travelwithziggy.com\\\/wp-content\\\/uploads\\\/2022\\\/11\\\/T.W.Z-logotype-1.png\",\"datePublished\":\"2018-11-27T09:17:08+00:00\",\"dateModified\":\"2023-03-05T21:33:04+00:00\",\"description\":\"Travel with Ziggy est un tour op\u00e9rateur qui a \u00e9t\u00e9 mis en place par Ziggy Faye, jeune aventurier passionn\u00e9 de voyage et de d\u00e9couvertes.\",\"breadcrumb\":{\"@id\":\"https:\\\/\\\/travelwithziggy.com\\\/a-propos\\\/#breadcrumb\"},\"inLanguage\":\"en-GB\",\"potentialAction\":[{\"@type\":\"ReadAction\",\"target\":[\"https:\\\/\\\/travelwithziggy.com\\\/a-propos\\\/\"]}]},{\"@type\":\"ImageObject\",\"inLanguage\":\"en-GB\",\"@id\":\"https:\\\/\\\/travelwithziggy.com\\\/a-propos\\\/#primaryimage\",\"url\":\"https:\\\/\\\/travelwithziggy.com\\\/wp-content\\\/uploads\\\/2022\\\/11\\\/T.W.Z-logotype-1.png\",\"contentUrl\":\"https:\\\/\\\/travelwithziggy.com\\\/wp-content\\\/uploads\\\/2022\\\/11\\\/T.W.Z-logotype-1.png\",\"width\":2794,\"height\":2794,\"caption\":\"Travelwithziggy\"},{\"@type\":\"BreadcrumbList\",\"@id\":\"https:\\\/\\\/travelwithziggy.com\\\/a-propos\\\/#breadcrumb\",\"itemListElement\":[{\"@type\":\"ListItem\",\"position\":1,\"name\":\"Accueil\",\"item\":\"https:\\\/\\\/travelwithziggy.com\\\/\"},{\"@type\":\"ListItem\",\"position\":2,\"name\":\"A Propos\"}]},{\"@type\":\"WebSite\",\"@id\":\"https:\\\/\\\/travelwithziggy.com\\\/#website\",\"url\":\"https:\\\/\\\/travelwithziggy.com\\\/\",\"name\":\"TravelWithZiggy\",\"description\":\"Explore le monde avec moi\",\"publisher\":{\"@id\":\"https:\\\/\\\/travelwithziggy.com\\\/#organization\"},\"potentialAction\":[{\"@type\":\"SearchAction\",\"target\":{\"@type\":\"EntryPoint\",\"urlTemplate\":\"https:\\\/\\\/travelwithziggy.com\\\/?s={search_term_string}\"},\"query-input\":{\"@type\":\"PropertyValueSpecification\",\"valueRequired\":true,\"valueName\":\"search_term_string\"}}],\"inLanguage\":\"en-GB\"},{\"@type\":\"Organization\",\"@id\":\"https:\\\/\\\/travelwithziggy.com\\\/#organization\",\"name\":\"Travelwithziggy\",\"url\":\"https:\\\/\\\/travelwithziggy.com\\\/\",\"logo\":{\"@type\":\"ImageObject\",\"inLanguage\":\"en-GB\",\"@id\":\"https:\\\/\\\/travelwithziggy.com\\\/#\\\/schema\\\/logo\\\/image\\\/\",\"url\":\"https:\\\/\\\/travelwithziggy.com\\\/wp-content\\\/uploads\\\/2022\\\/11\\\/T.W.Z-logotype-1.png\",\"contentUrl\":\"https:\\\/\\\/travelwithziggy.com\\\/wp-content\\\/uploads\\\/2022\\\/11\\\/T.W.Z-logotype-1.png\",\"width\":2794,\"height\":2794,\"caption\":\"Travelwithziggy\"},\"image\":{\"@id\":\"https:\\\/\\\/travelwithziggy.com\\\/#\\\/schema\\\/logo\\\/image\\\/\"},\"sameAs\":[\"https:\\\/\\\/www.facebook.com\\\/travelwithziggy\\\/\",\"https:\\\/\\\/x.com\\\/travelwithziggy\",\"https:\\\/\\\/www.instagram.com\\\/travelwithziggy\\\/\"],\"description\":\"Travelwithziggy est un tour op\u00e9rateur qui a \u00e9t\u00e9 mis en place par Ziggy Faye, jeune aventurier passionn\u00e9 de voyage et de d\u00e9couvertes. Cette entreprise bas\u00e9e \u00e0 Dakar, au S\u00e9n\u00e9gal, se veut une envergure internationale en faisant voyager des gens venant des quatre coins du monde.\",\"email\":\"info@travelwithziggy.com\",\"telephone\":\"+221 77 629 09 09\",\"legalName\":\"Travelwithziggy\",\"numberOfEmployees\":{\"@type\":\"QuantitativeValue\",\"minValue\":\"1\",\"maxValue\":\"10\"}}]}<\/script>\n<!-- \/ Yoast SEO Premium plugin. -->","yoast_head_json":{"title":"A Propos - TravelWithZiggy - Explore le monde avec moi","description":"Travel with Ziggy est un tour op\u00e9rateur qui a \u00e9t\u00e9 mis en place par Ziggy Faye, jeune aventurier passionn\u00e9 de voyage et de d\u00e9couvertes.","robots":{"index":"index","follow":"follow","max-snippet":"max-snippet:-1","max-image-preview":"max-image-preview:large","max-video-preview":"max-video-preview:-1"},"canonical":"https:\/\/travelwithziggy.com\/en\/a-propos\/","og_locale":"en_GB","og_type":"article","og_title":"A Propos","og_description":"Qui Sommes Nous? Pr\u00e9sentation Ziggy Faye Ziggy Faye est un jeune dipl\u00f4m\u00e9 en informatique et r\u00e9seaux t\u00e9l\u00e9com qui a un amour fou pour les voyages, la mode","og_url":"https:\/\/travelwithziggy.com\/en\/a-propos\/","og_site_name":"TravelWithZiggy","article_publisher":"https:\/\/www.facebook.com\/travelwithziggy\/","article_modified_time":"2023-03-05T21:33:04+00:00","og_image":[{"width":2794,"height":2794,"url":"https:\/\/travelwithziggy.com\/wp-content\/uploads\/2022\/11\/T.W.Z-logotype-1.png","type":"image\/png"}],"twitter_card":"summary_large_image","twitter_site":"@travelwithziggy","schema":{"@context":"https:\/\/schema.org","@graph":[{"@type":"WebPage","@id":"https:\/\/travelwithziggy.com\/a-propos\/","url":"https:\/\/travelwithziggy.com\/a-propos\/","name":"A Propos - TravelWithZiggy - Explore le monde avec moi","isPartOf":{"@id":"https:\/\/travelwithziggy.com\/#website"},"primaryImageOfPage":{"@id":"https:\/\/travelwithziggy.com\/a-propos\/#primaryimage"},"image":{"@id":"https:\/\/travelwithziggy.com\/a-propos\/#primaryimage"},"thumbnailUrl":"https:\/\/travelwithziggy.com\/wp-content\/uploads\/2022\/11\/T.W.Z-logotype-1.png","datePublished":"2018-11-27T09:17:08+00:00","dateModified":"2023-03-05T21:33:04+00:00","description":"Travel with Ziggy est un tour op\u00e9rateur qui a \u00e9t\u00e9 mis en place par Ziggy Faye, jeune aventurier passionn\u00e9 de voyage et de d\u00e9couvertes.","breadcrumb":{"@id":"https:\/\/travelwithziggy.com\/a-propos\/#breadcrumb"},"inLanguage":"en-GB","potentialAction":[{"@type":"ReadAction","target":["https:\/\/travelwithziggy.com\/a-propos\/"]}]},{"@type":"ImageObject","inLanguage":"en-GB","@id":"https:\/\/travelwithziggy.com\/a-propos\/#primaryimage","url":"https:\/\/travelwithziggy.com\/wp-content\/uploads\/2022\/11\/T.W.Z-logotype-1.png","contentUrl":"https:\/\/travelwithziggy.com\/wp-content\/uploads\/2022\/11\/T.W.Z-logotype-1.png","width":2794,"height":2794,"caption":"Travelwithziggy"},{"@type":"BreadcrumbList","@id":"https:\/\/travelwithziggy.com\/a-propos\/#breadcrumb","itemListElement":[{"@type":"ListItem","position":1,"name":"Accueil","item":"https:\/\/travelwithziggy.com\/"},{"@type":"ListItem","position":2,"name":"A Propos"}]},{"@type":"WebSite","@id":"https:\/\/travelwithziggy.com\/#website","url":"https:\/\/travelwithziggy.com\/","name":"TravelWithZiggy","description":"Explore le monde avec moi","publisher":{"@id":"https:\/\/travelwithziggy.com\/#organization"},"potentialAction":[{"@type":"SearchAction","target":{"@type":"EntryPoint","urlTemplate":"https:\/\/travelwithziggy.com\/?s={search_term_string}"},"query-input":{"@type":"PropertyValueSpecification","valueRequired":true,"valueName":"search_term_string"}}],"inLanguage":"en-GB"},{"@type":"Organization","@id":"https:\/\/travelwithziggy.com\/#organization","name":"Travelwithziggy","url":"https:\/\/travelwithziggy.com\/","logo":{"@type":"ImageObject","inLanguage":"en-GB","@id":"https:\/\/travelwithziggy.com\/#\/schema\/logo\/image\/","url":"https:\/\/travelwithziggy.com\/wp-content\/uploads\/2022\/11\/T.W.Z-logotype-1.png","contentUrl":"https:\/\/travelwithziggy.com\/wp-content\/uploads\/2022\/11\/T.W.Z-logotype-1.png","width":2794,"height":2794,"caption":"Travelwithziggy"},"image":{"@id":"https:\/\/travelwithziggy.com\/#\/schema\/logo\/image\/"},"sameAs":["https:\/\/www.facebook.com\/travelwithziggy\/","https:\/\/x.com\/travelwithziggy","https:\/\/www.instagram.com\/travelwithziggy\/"],"description":"Travelwithziggy est un tour op\u00e9rateur qui a \u00e9t\u00e9 mis en place par Ziggy Faye, jeune aventurier passionn\u00e9 de voyage et de d\u00e9couvertes. Cette entreprise bas\u00e9e \u00e0 Dakar, au S\u00e9n\u00e9gal, se veut une envergure internationale en faisant voyager des gens venant des quatre coins du monde.","email":"info@travelwithziggy.com","telephone":"+221 77 629 09 09","legalName":"Travelwithziggy","numberOfEmployees":{"@type":"QuantitativeValue","minValue":"1","maxValue":"10"}}]}},"_links":{"self":[{"href":"https:\/\/travelwithziggy.com\/en\/wp-json\/wp\/v2\/pages\/5","targetHints":{"allow":["GET"]}}],"collection":[{"href":"https:\/\/travelwithziggy.com\/en\/wp-json\/wp\/v2\/pages"}],"about":[{"href":"https:\/\/travelwithziggy.com\/en\/wp-json\/wp\/v2\/types\/page"}],"author":[{"embeddable":true,"href":"https:\/\/travelwithziggy.com\/en\/wp-json\/wp\/v2\/users\/8"}],"replies":[{"embeddable":true,"href":"https:\/\/travelwithziggy.com\/en\/wp-json\/wp\/v2\/comments?post=5"}],"version-history":[{"count":0,"href":"https:\/\/travelwithziggy.com\/en\/wp-json\/wp\/v2\/pages\/5\/revisions"}],"wp:featuredmedia":[{"embeddable":true,"href":"https:\/\/travelwithziggy.com\/en\/wp-json\/wp\/v2\/media\/1199"}],"wp:attachment":[{"href":"https:\/\/travelwithziggy.com\/en\/wp-json\/wp\/v2\/media?parent=5"}],"curies":[{"name":"wp","href":"https:\/\/api.w.org\/{rel}","templated":true}]}}