{"id":552,"date":"2022-10-14T22:26:55","date_gmt":"2022-10-14T22:26:55","guid":{"rendered":"https:\/\/travelwithziggy.com\/wp-travel-dashboard\/"},"modified":"2022-10-15T02:58:32","modified_gmt":"2022-10-15T02:58:32","slug":"wp-travel-dashboard","status":"publish","type":"page","link":"https:\/\/travelwithziggy.com\/en\/wp-travel-dashboard\/","title":{"rendered":"WP Travel Dashboard"},"content":{"rendered":"<div class=\"wp-travel\"><div class=\"wp-travel-dashboard-form\">\r\n\t<div class=\"login-page\">\r\n\t\t\t\t\t<div class=\"login-logo\">\r\n\t\t\t\t<a href=\"https:\/\/travelwithziggy.com\/en\/\" class=\"custom-logo-link\" rel=\"home\"><img fetchpriority=\"high\" decoding=\"async\" width=\"251\" height=\"300\" src=\"https:\/\/travelwithziggy.com\/wp-content\/uploads\/2022\/10\/cropped-T.W.Z-logotype-1-251x300-1.png\" class=\"custom-logo\" alt=\"TravelWithZiggy\" \/><\/a>\t\t\t<\/div>\r\n\t\t\t\t<div class=\"form\">\r\n\t\t\t\t\t<!-- Registration form -->\r\n\t\t\t<form method=\"post\" class=\"register-form\" action=\"\"  >\r\n\t\t\t\t<h3>Register<\/h3>\r\n\t\t\t\t\t\t\t\t<span class=\"user-email\">\r\n\t\t\t\t\t<input name=\"email\" type=\"text\" placeholder=\"Email Address\"\/>\r\n\t\t\t\t<\/span>\r\n\t\t\t\t\t\t\t\t\r\n\t\t\t\t<input type=\"hidden\" id=\"wp-travel-register-nonce\" name=\"wp-travel-register-nonce\" value=\"dc318600d7\" \/><input type=\"hidden\" name=\"_wp_http_referer\" value=\"\/en\/wp-json\/wp\/v2\/pages\/552\" \/>\t\t\t\t<button  type=\"submit\" name=\"register\" value=\"Register\" >Register<\/button>\r\n\t\t\t\t<p class=\"message\">Already registered? <a href=\"#\">Sign In<\/a><\/p>\r\n\t\t\t<input type=\"hidden\" name=\"trp-form-language\" value=\"en\"\/><\/form>\r\n\t\t\t\t\t<!-- Login Form -->\r\n\t\t\t<form method=\"post\" class=\"login-form\" action=\"\"  >\r\n\t\t\t\t\t<h3>Login<\/h3>\r\n\t\t\t\t\t<span class=\"user-username\">\r\n\t\t\t\t\t\t<input name=\"username\" type=\"text\" placeholder=\"Username\"\/>\r\n\t\t\t\t\t<\/span>\r\n\t\t\t\t\t<span class=\"user-password\">\r\n\t\t\t\t\t\t<input name=\"password\" type=\"password\" placeholder=\"Password\"\/>\r\n\t\t\t\t\t<\/span>\r\n\t\t\t\t\t<div class=\"wrapper\">\r\n\r\n\t\t\t\t\t\t<div class=\"float-left\">\r\n\t\t\t\t\t\t\t<input class=\"\" name=\"rememberme\" type=\"checkbox\" id=\"rememberme\" value=\"forever\" \/>\r\n\t\t\t\t\t\t\t<input type=\"hidden\" id=\"wp-travel-login-nonce\" name=\"wp-travel-login-nonce\" value=\"bf61e2050d\" \/><input type=\"hidden\" name=\"_wp_http_referer\" value=\"\/en\/wp-json\/wp\/v2\/pages\/552\" \/>\t\t\t\t\t\t\t<label for=\"rememberme\">Remember me<\/label>\r\n\t\t\t\t\t\t<\/div>\r\n\t\t\t\t\t\t<div class=\"float-right\">\r\n\t\t\t\t\t\t\t<p class=\"info\">\r\n\t\t\t\t\t\t\t\t<a href=\"https:\/\/travelwithziggy.com\/en\/wp-travel-dashboard\/?action=lost-pass&#038;_nonce=ded041e837\">Forgot Password ?<\/a>\r\n\t\t\t\t\t\t\t<\/p>\r\n\t\t\t\t\t\t<\/div>\r\n\t\t\t\t\t<\/div>\r\n\t\t\t\t<button  type=\"submit\" name=\"login\" value=\"Login\" >Login<\/button>\r\n\t\t\t\t\t\t\t\t\t\t\t\t\t<p class=\"message\">Not registered? <a href=\"#\">Create an account<\/a><\/p>\r\n\t\t\t\t\t\t\t<input type=\"hidden\" name=\"trp-form-language\" value=\"en\"\/><\/form>\r\n\t\t<\/div>\r\n\t<\/div>\r\n<\/div>\r\n<\/div>","protected":false},"excerpt":{"rendered":"","protected":false},"author":8,"featured_media":0,"parent":0,"menu_order":0,"comment_status":"closed","ping_status":"closed","template":"","meta":{"footnotes":""},"class_list":["post-552","page","type-page","status-publish","hentry"],"yoast_head":"<!-- This site is optimized with the Yoast SEO Premium plugin v22.3 (Yoast SEO v27.5) - https:\/\/yoast.com\/product\/yoast-seo-premium-wordpress\/ -->\n<title>WP Travel Dashboard - TravelWithZiggy - Explore le monde avec moi<\/title>\n<meta name=\"robots\" content=\"index, follow, max-snippet:-1, max-image-preview:large, max-video-preview:-1\" \/>\n<link rel=\"canonical\" href=\"https:\/\/travelwithziggy.com\/en\/wp-travel-dashboard\/\" \/>\n<meta property=\"og:locale\" content=\"en_GB\" \/>\n<meta property=\"og:type\" content=\"article\" \/>\n<meta property=\"og:title\" content=\"WP Travel Dashboard\" \/>\n<meta property=\"og:url\" content=\"https:\/\/travelwithziggy.com\/en\/wp-travel-dashboard\/\" \/>\n<meta property=\"og:site_name\" content=\"TravelWithZiggy\" \/>\n<meta property=\"article:publisher\" content=\"https:\/\/www.facebook.com\/travelwithziggy\/\" \/>\n<meta property=\"article:modified_time\" content=\"2022-10-15T02:58:32+00:00\" \/>\n<meta property=\"og:image\" content=\"https:\/\/travelwithziggy.com\/wp-content\/uploads\/2022\/11\/T.W.Z-logotype-1.png\" \/>\n\t<meta property=\"og:image:width\" content=\"2794\" \/>\n\t<meta property=\"og:image:height\" content=\"2794\" \/>\n\t<meta property=\"og:image:type\" content=\"image\/png\" \/>\n<meta name=\"twitter:card\" content=\"summary_large_image\" \/>\n<meta name=\"twitter:site\" content=\"@travelwithziggy\" \/>\n<script type=\"application\/ld+json\" class=\"yoast-schema-graph\">{\"@context\":\"https:\\\/\\\/schema.org\",\"@graph\":[{\"@type\":\"WebPage\",\"@id\":\"https:\\\/\\\/travelwithziggy.com\\\/wp-travel-dashboard\\\/\",\"url\":\"https:\\\/\\\/travelwithziggy.com\\\/wp-travel-dashboard\\\/\",\"name\":\"WP Travel Dashboard - TravelWithZiggy - Explore le monde avec moi\",\"isPartOf\":{\"@id\":\"https:\\\/\\\/travelwithziggy.com\\\/#website\"},\"datePublished\":\"2022-10-14T22:26:55+00:00\",\"dateModified\":\"2022-10-15T02:58:32+00:00\",\"breadcrumb\":{\"@id\":\"https:\\\/\\\/travelwithziggy.com\\\/wp-travel-dashboard\\\/#breadcrumb\"},\"inLanguage\":\"en-GB\",\"potentialAction\":[{\"@type\":\"ReadAction\",\"target\":[\"https:\\\/\\\/travelwithziggy.com\\\/wp-travel-dashboard\\\/\"]}]},{\"@type\":\"BreadcrumbList\",\"@id\":\"https:\\\/\\\/travelwithziggy.com\\\/wp-travel-dashboard\\\/#breadcrumb\",\"itemListElement\":[{\"@type\":\"ListItem\",\"position\":1,\"name\":\"Accueil\",\"item\":\"https:\\\/\\\/travelwithziggy.com\\\/\"},{\"@type\":\"ListItem\",\"position\":2,\"name\":\"WP Travel Dashboard\"}]},{\"@type\":\"WebSite\",\"@id\":\"https:\\\/\\\/travelwithziggy.com\\\/#website\",\"url\":\"https:\\\/\\\/travelwithziggy.com\\\/\",\"name\":\"TravelWithZiggy\",\"description\":\"Explore le monde avec moi\",\"publisher\":{\"@id\":\"https:\\\/\\\/travelwithziggy.com\\\/#organization\"},\"potentialAction\":[{\"@type\":\"SearchAction\",\"target\":{\"@type\":\"EntryPoint\",\"urlTemplate\":\"https:\\\/\\\/travelwithziggy.com\\\/?s={search_term_string}\"},\"query-input\":{\"@type\":\"PropertyValueSpecification\",\"valueRequired\":true,\"valueName\":\"search_term_string\"}}],\"inLanguage\":\"en-GB\"},{\"@type\":\"Organization\",\"@id\":\"https:\\\/\\\/travelwithziggy.com\\\/#organization\",\"name\":\"Travelwithziggy\",\"url\":\"https:\\\/\\\/travelwithziggy.com\\\/\",\"logo\":{\"@type\":\"ImageObject\",\"inLanguage\":\"en-GB\",\"@id\":\"https:\\\/\\\/travelwithziggy.com\\\/#\\\/schema\\\/logo\\\/image\\\/\",\"url\":\"https:\\\/\\\/travelwithziggy.com\\\/wp-content\\\/uploads\\\/2022\\\/11\\\/T.W.Z-logotype-1.png\",\"contentUrl\":\"https:\\\/\\\/travelwithziggy.com\\\/wp-content\\\/uploads\\\/2022\\\/11\\\/T.W.Z-logotype-1.png\",\"width\":2794,\"height\":2794,\"caption\":\"Travelwithziggy\"},\"image\":{\"@id\":\"https:\\\/\\\/travelwithziggy.com\\\/#\\\/schema\\\/logo\\\/image\\\/\"},\"sameAs\":[\"https:\\\/\\\/www.facebook.com\\\/travelwithziggy\\\/\",\"https:\\\/\\\/x.com\\\/travelwithziggy\",\"https:\\\/\\\/www.instagram.com\\\/travelwithziggy\\\/\"],\"description\":\"Travelwithziggy est un tour op\u00e9rateur qui a \u00e9t\u00e9 mis en place par Ziggy Faye, jeune aventurier passionn\u00e9 de voyage et de d\u00e9couvertes. Cette entreprise bas\u00e9e \u00e0 Dakar, au S\u00e9n\u00e9gal, se veut une envergure internationale en faisant voyager des gens venant des quatre coins du monde.\",\"email\":\"info@travelwithziggy.com\",\"telephone\":\"+221 77 629 09 09\",\"legalName\":\"Travelwithziggy\",\"numberOfEmployees\":{\"@type\":\"QuantitativeValue\",\"minValue\":\"1\",\"maxValue\":\"10\"}}]}<\/script>\n<!-- \/ Yoast SEO Premium plugin. -->","yoast_head_json":{"title":"WP Travel Dashboard - TravelWithZiggy - Explore le monde avec moi","robots":{"index":"index","follow":"follow","max-snippet":"max-snippet:-1","max-image-preview":"max-image-preview:large","max-video-preview":"max-video-preview:-1"},"canonical":"https:\/\/travelwithziggy.com\/en\/wp-travel-dashboard\/","og_locale":"en_GB","og_type":"article","og_title":"WP Travel Dashboard","og_url":"https:\/\/travelwithziggy.com\/en\/wp-travel-dashboard\/","og_site_name":"TravelWithZiggy","article_publisher":"https:\/\/www.facebook.com\/travelwithziggy\/","article_modified_time":"2022-10-15T02:58:32+00:00","og_image":[{"width":2794,"height":2794,"url":"https:\/\/travelwithziggy.com\/wp-content\/uploads\/2022\/11\/T.W.Z-logotype-1.png","type":"image\/png"}],"twitter_card":"summary_large_image","twitter_site":"@travelwithziggy","schema":{"@context":"https:\/\/schema.org","@graph":[{"@type":"WebPage","@id":"https:\/\/travelwithziggy.com\/wp-travel-dashboard\/","url":"https:\/\/travelwithziggy.com\/wp-travel-dashboard\/","name":"WP Travel Dashboard - TravelWithZiggy - Explore le monde avec moi","isPartOf":{"@id":"https:\/\/travelwithziggy.com\/#website"},"datePublished":"2022-10-14T22:26:55+00:00","dateModified":"2022-10-15T02:58:32+00:00","breadcrumb":{"@id":"https:\/\/travelwithziggy.com\/wp-travel-dashboard\/#breadcrumb"},"inLanguage":"en-GB","potentialAction":[{"@type":"ReadAction","target":["https:\/\/travelwithziggy.com\/wp-travel-dashboard\/"]}]},{"@type":"BreadcrumbList","@id":"https:\/\/travelwithziggy.com\/wp-travel-dashboard\/#breadcrumb","itemListElement":[{"@type":"ListItem","position":1,"name":"Accueil","item":"https:\/\/travelwithziggy.com\/"},{"@type":"ListItem","position":2,"name":"WP Travel Dashboard"}]},{"@type":"WebSite","@id":"https:\/\/travelwithziggy.com\/#website","url":"https:\/\/travelwithziggy.com\/","name":"TravelWithZiggy","description":"Explore le monde avec moi","publisher":{"@id":"https:\/\/travelwithziggy.com\/#organization"},"potentialAction":[{"@type":"SearchAction","target":{"@type":"EntryPoint","urlTemplate":"https:\/\/travelwithziggy.com\/?s={search_term_string}"},"query-input":{"@type":"PropertyValueSpecification","valueRequired":true,"valueName":"search_term_string"}}],"inLanguage":"en-GB"},{"@type":"Organization","@id":"https:\/\/travelwithziggy.com\/#organization","name":"Travelwithziggy","url":"https:\/\/travelwithziggy.com\/","logo":{"@type":"ImageObject","inLanguage":"en-GB","@id":"https:\/\/travelwithziggy.com\/#\/schema\/logo\/image\/","url":"https:\/\/travelwithziggy.com\/wp-content\/uploads\/2022\/11\/T.W.Z-logotype-1.png","contentUrl":"https:\/\/travelwithziggy.com\/wp-content\/uploads\/2022\/11\/T.W.Z-logotype-1.png","width":2794,"height":2794,"caption":"Travelwithziggy"},"image":{"@id":"https:\/\/travelwithziggy.com\/#\/schema\/logo\/image\/"},"sameAs":["https:\/\/www.facebook.com\/travelwithziggy\/","https:\/\/x.com\/travelwithziggy","https:\/\/www.instagram.com\/travelwithziggy\/"],"description":"Travelwithziggy est un tour op\u00e9rateur qui a \u00e9t\u00e9 mis en place par Ziggy Faye, jeune aventurier passionn\u00e9 de voyage et de d\u00e9couvertes. Cette entreprise bas\u00e9e \u00e0 Dakar, au S\u00e9n\u00e9gal, se veut une envergure internationale en faisant voyager des gens venant des quatre coins du monde.","email":"info@travelwithziggy.com","telephone":"+221 77 629 09 09","legalName":"Travelwithziggy","numberOfEmployees":{"@type":"QuantitativeValue","minValue":"1","maxValue":"10"}}]}},"_links":{"self":[{"href":"https:\/\/travelwithziggy.com\/en\/wp-json\/wp\/v2\/pages\/552","targetHints":{"allow":["GET"]}}],"collection":[{"href":"https:\/\/travelwithziggy.com\/en\/wp-json\/wp\/v2\/pages"}],"about":[{"href":"https:\/\/travelwithziggy.com\/en\/wp-json\/wp\/v2\/types\/page"}],"author":[{"embeddable":true,"href":"https:\/\/travelwithziggy.com\/en\/wp-json\/wp\/v2\/users\/8"}],"replies":[{"embeddable":true,"href":"https:\/\/travelwithziggy.com\/en\/wp-json\/wp\/v2\/comments?post=552"}],"version-history":[{"count":0,"href":"https:\/\/travelwithziggy.com\/en\/wp-json\/wp\/v2\/pages\/552\/revisions"}],"wp:attachment":[{"href":"https:\/\/travelwithziggy.com\/en\/wp-json\/wp\/v2\/media?parent=552"}],"curies":[{"name":"wp","href":"https:\/\/api.w.org\/{rel}","templated":true}]}}