{"id":985,"date":"2022-10-20T14:00:09","date_gmt":"2022-10-20T14:00:09","guid":{"rendered":"https:\/\/travelwithziggy.com\/?page_id=985"},"modified":"2024-06-13T05:13:47","modified_gmt":"2024-06-13T05:13:47","slug":"navette-aeroport","status":"publish","type":"page","link":"https:\/\/travelwithziggy.com\/en\/navette-aeroport\/","title":{"rendered":"Navette A\u00e9roport"},"content":{"rendered":"<div data-elementor-type=\"wp-page\" data-elementor-id=\"985\" class=\"elementor elementor-985\" data-elementor-post-type=\"page\">\n\t\t\t\t\t\t<section data-particle_enable=\"false\" data-particle-mobile-disabled=\"false\" class=\"elementor-section elementor-top-section elementor-element elementor-element-072ca96 elementor-section-height-min-height elementor-section-boxed elementor-section-height-default elementor-section-items-middle\" data-id=\"072ca96\" data-element_type=\"section\" data-e-type=\"section\" data-settings=\"{&quot;background_background&quot;:&quot;classic&quot;}\">\n\t\t\t\t\t\t\t<div class=\"elementor-background-overlay\"><\/div>\n\t\t\t\t\t\t\t<div class=\"elementor-container elementor-column-gap-default\">\n\t\t\t\t\t<div class=\"elementor-column elementor-col-100 elementor-top-column elementor-element elementor-element-dab3fbf\" data-id=\"dab3fbf\" data-element_type=\"column\" data-e-type=\"column\">\n\t\t\t<div class=\"elementor-widget-wrap elementor-element-populated\">\n\t\t\t\t\t\t<div class=\"elementor-element elementor-element-afbba6e elementor-widget elementor-widget-heading\" data-id=\"afbba6e\" data-element_type=\"widget\" data-e-type=\"widget\" data-widget_type=\"heading.default\">\n\t\t\t\t<div class=\"elementor-widget-container\">\n\t\t\t\t\t<h1 class=\"elementor-heading-title elementor-size-default\">Navette A\u00e9roport<\/h1>\t\t\t\t<\/div>\n\t\t\t\t<\/div>\n\t\t\t\t\t<\/div>\n\t\t<\/div>\n\t\t\t\t\t<\/div>\n\t\t<\/section>\n\t\t\t\t<section data-particle_enable=\"false\" data-particle-mobile-disabled=\"false\" class=\"elementor-section elementor-top-section elementor-element elementor-element-22ad179 elementor-section-full_width elementor-section-height-default elementor-section-height-default\" data-id=\"22ad179\" data-element_type=\"section\" data-e-type=\"section\">\n\t\t\t\t\t\t<div class=\"elementor-container elementor-column-gap-default\">\n\t\t\t\t\t<div class=\"elementor-column elementor-col-100 elementor-top-column elementor-element elementor-element-88d4850\" data-id=\"88d4850\" data-element_type=\"column\" data-e-type=\"column\">\n\t\t\t<div class=\"elementor-widget-wrap elementor-element-populated\">\n\t\t\t\t\t\t<div class=\"elementor-element elementor-element-70f2ef2 elementor-arrows-position-inside elementor-widget elementor-widget-image-carousel\" data-id=\"70f2ef2\" data-element_type=\"widget\" data-e-type=\"widget\" data-settings=\"{&quot;navigation&quot;:&quot;arrows&quot;,&quot;pause_on_hover&quot;:&quot;no&quot;,&quot;autoplay_speed&quot;:3000,&quot;slides_to_show_tablet&quot;:&quot;2&quot;,&quot;slides_to_show_mobile&quot;:&quot;1&quot;,&quot;autoplay&quot;:&quot;yes&quot;,&quot;pause_on_interaction&quot;:&quot;yes&quot;,&quot;infinite&quot;:&quot;yes&quot;,&quot;speed&quot;:500}\" data-widget_type=\"image-carousel.default\">\n\t\t\t\t<div class=\"elementor-widget-container\">\n\t\t\t\t\t\t\t<div class=\"elementor-image-carousel-wrapper swiper\" role=\"region\" aria-roledescription=\"carousel\" aria-label=\"Image Carousel\" dir=\"ltr\">\n\t\t\t<div class=\"elementor-image-carousel swiper-wrapper\" aria-live=\"off\">\n\t\t\t\t\t\t\t\t<div class=\"swiper-slide\" role=\"group\" aria-roledescription=\"slide\" aria-label=\"1 of 4\"><figure class=\"swiper-slide-inner\"><img decoding=\"async\" class=\"swiper-slide-image\" src=\"https:\/\/travelwithziggy.com\/wp-content\/uploads\/2022\/12\/image-08-12-22-01-03-3.jpeg\" alt=\"Navette A\u00e9roport\" \/><\/figure><\/div><div class=\"swiper-slide\" role=\"group\" aria-roledescription=\"slide\" aria-label=\"2 of 4\"><figure class=\"swiper-slide-inner\"><img decoding=\"async\" class=\"swiper-slide-image\" src=\"https:\/\/travelwithziggy.com\/wp-content\/uploads\/2022\/12\/image-08-12-22-01-03-2.jpeg\" alt=\"Navette A\u00e9roport\" \/><\/figure><\/div><div class=\"swiper-slide\" role=\"group\" aria-roledescription=\"slide\" aria-label=\"3 of 4\"><figure class=\"swiper-slide-inner\"><img decoding=\"async\" class=\"swiper-slide-image\" src=\"https:\/\/travelwithziggy.com\/wp-content\/uploads\/2022\/12\/image-08-12-22-01-03-1.jpeg\" alt=\"Navette A\u00e9roport\" \/><\/figure><\/div><div class=\"swiper-slide\" role=\"group\" aria-roledescription=\"slide\" aria-label=\"4 of 4\"><figure class=\"swiper-slide-inner\"><img decoding=\"async\" class=\"swiper-slide-image\" src=\"https:\/\/travelwithziggy.com\/wp-content\/uploads\/2022\/12\/image-08-12-22-01-03.jpeg\" alt=\"Navette A\u00e9roport\" \/><\/figure><\/div>\t\t\t<\/div>\n\t\t\t\t\t\t\t\t\t\t\t\t<div class=\"elementor-swiper-button elementor-swiper-button-prev\" role=\"button\" tabindex=\"0\">\n\t\t\t\t\t\t<i aria-hidden=\"true\" class=\"eicon-chevron-left\"><\/i>\t\t\t\t\t<\/div>\n\t\t\t\t\t<div class=\"elementor-swiper-button elementor-swiper-button-next\" role=\"button\" tabindex=\"0\">\n\t\t\t\t\t\t<i aria-hidden=\"true\" class=\"eicon-chevron-right\"><\/i>\t\t\t\t\t<\/div>\n\t\t\t\t\n\t\t\t\t\t\t\t\t\t<\/div>\n\t\t\t\t\t\t<\/div>\n\t\t\t\t<\/div>\n\t\t\t\t\t<\/div>\n\t\t<\/div>\n\t\t\t\t\t<\/div>\n\t\t<\/section>\n\t\t\t\t<section data-particle_enable=\"false\" data-particle-mobile-disabled=\"false\" class=\"elementor-section elementor-top-section elementor-element elementor-element-fda815f elementor-section-boxed elementor-section-height-default elementor-section-height-default\" data-id=\"fda815f\" data-element_type=\"section\" data-e-type=\"section\">\n\t\t\t\t\t\t<div class=\"elementor-container elementor-column-gap-default\">\n\t\t\t\t\t<div class=\"elementor-column elementor-col-100 elementor-top-column elementor-element elementor-element-3cc3b77\" data-id=\"3cc3b77\" data-element_type=\"column\" data-e-type=\"column\">\n\t\t\t<div class=\"elementor-widget-wrap elementor-element-populated\">\n\t\t\t\t\t\t<div class=\"elementor-element elementor-element-efefc45 elementor-widget elementor-widget-heading\" data-id=\"efefc45\" data-element_type=\"widget\" data-e-type=\"widget\" data-widget_type=\"heading.default\">\n\t\t\t\t<div class=\"elementor-widget-container\">\n\t\t\t\t\t<h2 class=\"elementor-heading-title elementor-size-default\">T\u00e9l\u00e9charger l'Application d\u00e8s maintenant<\/h2>\t\t\t\t<\/div>\n\t\t\t\t<\/div>\n\t\t\t\t<section data-particle_enable=\"false\" data-particle-mobile-disabled=\"false\" class=\"elementor-section elementor-inner-section elementor-element elementor-element-db8b45a elementor-section-boxed elementor-section-height-default elementor-section-height-default\" data-id=\"db8b45a\" data-element_type=\"section\" data-e-type=\"section\">\n\t\t\t\t\t\t<div class=\"elementor-container elementor-column-gap-default\">\n\t\t\t\t\t<div class=\"elementor-column elementor-col-100 elementor-inner-column elementor-element elementor-element-4e1654a\" data-id=\"4e1654a\" data-element_type=\"column\" data-e-type=\"column\">\n\t\t\t<div class=\"elementor-widget-wrap elementor-element-populated\">\n\t\t\t\t\t\t<div class=\"elementor-element elementor-element-42d696c elementor-widget elementor-widget-image\" data-id=\"42d696c\" data-element_type=\"widget\" data-e-type=\"widget\" data-widget_type=\"image.default\">\n\t\t\t\t<div class=\"elementor-widget-container\">\n\t\t\t\t\t\t\t\t\t\t\t\t\t\t\t\t<a href=\"https:\/\/apps.apple.com\/app\/id6444091974\">\n\t\t\t\t\t\t\t<img decoding=\"async\" width=\"325\" height=\"103\" src=\"https:\/\/travelwithziggy.com\/wp-content\/uploads\/2022\/11\/app_store_fr.png\" class=\"attachment-large size-large wp-image-1353\" alt=\"\" srcset=\"https:\/\/travelwithziggy.com\/wp-content\/uploads\/2022\/11\/app_store_fr.png 325w, https:\/\/travelwithziggy.com\/wp-content\/uploads\/2022\/11\/app_store_fr-300x95.png 300w\" sizes=\"(max-width: 325px) 100vw, 325px\" \/>\t\t\t\t\t\t\t\t<\/a>\n\t\t\t\t\t\t\t\t\t\t\t\t\t\t\t<\/div>\n\t\t\t\t<\/div>\n\t\t\t\t\t<\/div>\n\t\t<\/div>\n\t\t\t\t\t<\/div>\n\t\t<\/section>\n\t\t\t\t\t<\/div>\n\t\t<\/div>\n\t\t\t\t\t<\/div>\n\t\t<\/section>\n\t\t\t\t<\/div>","protected":false},"excerpt":{"rendered":"<p>Navette A\u00e9roport Pr\u00e9c\u00e9dent Suivant T\u00e9l\u00e9charger l&rsquo;Application d\u00e8s maintenant<\/p>","protected":false},"author":8,"featured_media":1349,"parent":0,"menu_order":0,"comment_status":"closed","ping_status":"closed","template":"elementor_header_footer","meta":{"footnotes":""},"class_list":["post-985","page","type-page","status-publish","has-post-thumbnail","hentry"],"yoast_head":"<!-- This site is optimized with the Yoast SEO Premium plugin v22.3 (Yoast SEO v27.3) - https:\/\/yoast.com\/product\/yoast-seo-premium-wordpress\/ -->\n<title>Navette A\u00e9roport S\u00e9n\u00e9gal - TravelWithZiggy<\/title>\n<meta name=\"description\" content=\"T\u00e9l\u00e9charger notre application de navette a\u00e9roport maintenant sur Android ou Iphone. Rendez-vous \u00e0 l&#039;a\u00e9roport AIBD du S\u00e9n\u00e9gal en quelques clics.\" \/>\n<meta name=\"robots\" content=\"index, follow, max-snippet:-1, max-image-preview:large, max-video-preview:-1\" \/>\n<link rel=\"canonical\" href=\"https:\/\/travelwithziggy.com\/en\/navette-aeroport\/\" \/>\n<meta property=\"og:locale\" content=\"en_GB\" \/>\n<meta property=\"og:type\" content=\"article\" \/>\n<meta property=\"og:title\" content=\"Navette A\u00e9roport - TravelWithZiggy\" \/>\n<meta property=\"og:description\" content=\"T\u00e9l\u00e9charger notre application de navette a\u00e9roport maintenant sur Android ou Iphone. Rendez-vous \u00e0 l&#039;a\u00e9roport AIBD du S\u00e9n\u00e9gal en quelques clics.\" \/>\n<meta property=\"og:url\" content=\"https:\/\/travelwithziggy.com\/en\/navette-aeroport\/\" \/>\n<meta property=\"og:site_name\" content=\"TravelWithZiggy\" \/>\n<meta property=\"article:publisher\" content=\"https:\/\/www.facebook.com\/travelwithziggy\/\" \/>\n<meta property=\"article:modified_time\" content=\"2024-06-13T05:13:47+00:00\" \/>\n<meta property=\"og:image\" content=\"https:\/\/travelwithziggy.com\/wp-content\/uploads\/2022\/11\/IMG-6332.jpg\" \/>\n\t<meta property=\"og:image:width\" content=\"1125\" \/>\n\t<meta property=\"og:image:height\" content=\"1127\" \/>\n\t<meta property=\"og:image:type\" content=\"image\/jpeg\" \/>\n<meta name=\"twitter:card\" content=\"summary_large_image\" \/>\n<meta name=\"twitter:title\" content=\"Navette A\u00e9roport - TravelWithZiggy\" \/>\n<meta name=\"twitter:description\" content=\"T\u00e9l\u00e9charger notre application de navette a\u00e9roport maintenant sur Android ou Iphone. Rendez-vous \u00e0 l&#039;a\u00e9roport AIBD du S\u00e9n\u00e9gal en quelques clics.\" \/>\n<meta name=\"twitter:site\" content=\"@travelwithziggy\" \/>\n<script type=\"application\/ld+json\" class=\"yoast-schema-graph\">{\"@context\":\"https:\\\/\\\/schema.org\",\"@graph\":[{\"@type\":\"WebPage\",\"@id\":\"https:\\\/\\\/travelwithziggy.com\\\/navette-aeroport\\\/\",\"url\":\"https:\\\/\\\/travelwithziggy.com\\\/navette-aeroport\\\/\",\"name\":\"Navette A\u00e9roport S\u00e9n\u00e9gal - TravelWithZiggy\",\"isPartOf\":{\"@id\":\"https:\\\/\\\/travelwithziggy.com\\\/#website\"},\"primaryImageOfPage\":{\"@id\":\"https:\\\/\\\/travelwithziggy.com\\\/navette-aeroport\\\/#primaryimage\"},\"image\":{\"@id\":\"https:\\\/\\\/travelwithziggy.com\\\/navette-aeroport\\\/#primaryimage\"},\"thumbnailUrl\":\"https:\\\/\\\/travelwithziggy.com\\\/wp-content\\\/uploads\\\/2022\\\/11\\\/IMG-6332.jpg\",\"datePublished\":\"2022-10-20T14:00:09+00:00\",\"dateModified\":\"2024-06-13T05:13:47+00:00\",\"description\":\"T\u00e9l\u00e9charger notre application de navette a\u00e9roport maintenant sur Android ou Iphone. Rendez-vous \u00e0 l'a\u00e9roport AIBD du S\u00e9n\u00e9gal en quelques clics.\",\"breadcrumb\":{\"@id\":\"https:\\\/\\\/travelwithziggy.com\\\/navette-aeroport\\\/#breadcrumb\"},\"inLanguage\":\"en-GB\",\"potentialAction\":[{\"@type\":\"ReadAction\",\"target\":[\"https:\\\/\\\/travelwithziggy.com\\\/navette-aeroport\\\/\"]}]},{\"@type\":\"ImageObject\",\"inLanguage\":\"en-GB\",\"@id\":\"https:\\\/\\\/travelwithziggy.com\\\/navette-aeroport\\\/#primaryimage\",\"url\":\"https:\\\/\\\/travelwithziggy.com\\\/wp-content\\\/uploads\\\/2022\\\/11\\\/IMG-6332.jpg\",\"contentUrl\":\"https:\\\/\\\/travelwithziggy.com\\\/wp-content\\\/uploads\\\/2022\\\/11\\\/IMG-6332.jpg\",\"width\":1125,\"height\":1127,\"caption\":\"Agence de voyage\"},{\"@type\":\"BreadcrumbList\",\"@id\":\"https:\\\/\\\/travelwithziggy.com\\\/navette-aeroport\\\/#breadcrumb\",\"itemListElement\":[{\"@type\":\"ListItem\",\"position\":1,\"name\":\"Accueil\",\"item\":\"https:\\\/\\\/travelwithziggy.com\\\/\"},{\"@type\":\"ListItem\",\"position\":2,\"name\":\"Navette A\u00e9roport\"}]},{\"@type\":\"WebSite\",\"@id\":\"https:\\\/\\\/travelwithziggy.com\\\/#website\",\"url\":\"https:\\\/\\\/travelwithziggy.com\\\/\",\"name\":\"TravelWithZiggy\",\"description\":\"Explore le monde avec moi\",\"publisher\":{\"@id\":\"https:\\\/\\\/travelwithziggy.com\\\/#organization\"},\"potentialAction\":[{\"@type\":\"SearchAction\",\"target\":{\"@type\":\"EntryPoint\",\"urlTemplate\":\"https:\\\/\\\/travelwithziggy.com\\\/?s={search_term_string}\"},\"query-input\":{\"@type\":\"PropertyValueSpecification\",\"valueRequired\":true,\"valueName\":\"search_term_string\"}}],\"inLanguage\":\"en-GB\"},{\"@type\":\"Organization\",\"@id\":\"https:\\\/\\\/travelwithziggy.com\\\/#organization\",\"name\":\"Travelwithziggy\",\"url\":\"https:\\\/\\\/travelwithziggy.com\\\/\",\"logo\":{\"@type\":\"ImageObject\",\"inLanguage\":\"en-GB\",\"@id\":\"https:\\\/\\\/travelwithziggy.com\\\/#\\\/schema\\\/logo\\\/image\\\/\",\"url\":\"https:\\\/\\\/travelwithziggy.com\\\/wp-content\\\/uploads\\\/2022\\\/11\\\/T.W.Z-logotype-1.png\",\"contentUrl\":\"https:\\\/\\\/travelwithziggy.com\\\/wp-content\\\/uploads\\\/2022\\\/11\\\/T.W.Z-logotype-1.png\",\"width\":2794,\"height\":2794,\"caption\":\"Travelwithziggy\"},\"image\":{\"@id\":\"https:\\\/\\\/travelwithziggy.com\\\/#\\\/schema\\\/logo\\\/image\\\/\"},\"sameAs\":[\"https:\\\/\\\/www.facebook.com\\\/travelwithziggy\\\/\",\"https:\\\/\\\/x.com\\\/travelwithziggy\",\"https:\\\/\\\/www.instagram.com\\\/travelwithziggy\\\/\"],\"description\":\"Travelwithziggy est un tour op\u00e9rateur qui a \u00e9t\u00e9 mis en place par Ziggy Faye, jeune aventurier passionn\u00e9 de voyage et de d\u00e9couvertes. Cette entreprise bas\u00e9e \u00e0 Dakar, au S\u00e9n\u00e9gal, se veut une envergure internationale en faisant voyager des gens venant des quatre coins du monde.\",\"email\":\"info@travelwithziggy.com\",\"telephone\":\"+221 77 629 09 09\",\"legalName\":\"Travelwithziggy\",\"numberOfEmployees\":{\"@type\":\"QuantitativeValue\",\"minValue\":\"1\",\"maxValue\":\"10\"}}]}<\/script>\n<!-- \/ Yoast SEO Premium plugin. -->","yoast_head_json":{"title":"Navette A\u00e9roport S\u00e9n\u00e9gal - TravelWithZiggy","description":"T\u00e9l\u00e9charger notre application de navette a\u00e9roport maintenant sur Android ou Iphone. Rendez-vous \u00e0 l'a\u00e9roport AIBD du S\u00e9n\u00e9gal en quelques clics.","robots":{"index":"index","follow":"follow","max-snippet":"max-snippet:-1","max-image-preview":"max-image-preview:large","max-video-preview":"max-video-preview:-1"},"canonical":"https:\/\/travelwithziggy.com\/en\/navette-aeroport\/","og_locale":"en_GB","og_type":"article","og_title":"Navette A\u00e9roport - TravelWithZiggy","og_description":"T\u00e9l\u00e9charger notre application de navette a\u00e9roport maintenant sur Android ou Iphone. Rendez-vous \u00e0 l'a\u00e9roport AIBD du S\u00e9n\u00e9gal en quelques clics.","og_url":"https:\/\/travelwithziggy.com\/en\/navette-aeroport\/","og_site_name":"TravelWithZiggy","article_publisher":"https:\/\/www.facebook.com\/travelwithziggy\/","article_modified_time":"2024-06-13T05:13:47+00:00","og_image":[{"width":1125,"height":1127,"url":"https:\/\/travelwithziggy.com\/wp-content\/uploads\/2022\/11\/IMG-6332.jpg","type":"image\/jpeg"}],"twitter_card":"summary_large_image","twitter_title":"Navette A\u00e9roport - TravelWithZiggy","twitter_description":"T\u00e9l\u00e9charger notre application de navette a\u00e9roport maintenant sur Android ou Iphone. Rendez-vous \u00e0 l'a\u00e9roport AIBD du S\u00e9n\u00e9gal en quelques clics.","twitter_site":"@travelwithziggy","schema":{"@context":"https:\/\/schema.org","@graph":[{"@type":"WebPage","@id":"https:\/\/travelwithziggy.com\/navette-aeroport\/","url":"https:\/\/travelwithziggy.com\/navette-aeroport\/","name":"Navette A\u00e9roport S\u00e9n\u00e9gal - TravelWithZiggy","isPartOf":{"@id":"https:\/\/travelwithziggy.com\/#website"},"primaryImageOfPage":{"@id":"https:\/\/travelwithziggy.com\/navette-aeroport\/#primaryimage"},"image":{"@id":"https:\/\/travelwithziggy.com\/navette-aeroport\/#primaryimage"},"thumbnailUrl":"https:\/\/travelwithziggy.com\/wp-content\/uploads\/2022\/11\/IMG-6332.jpg","datePublished":"2022-10-20T14:00:09+00:00","dateModified":"2024-06-13T05:13:47+00:00","description":"T\u00e9l\u00e9charger notre application de navette a\u00e9roport maintenant sur Android ou Iphone. Rendez-vous \u00e0 l'a\u00e9roport AIBD du S\u00e9n\u00e9gal en quelques clics.","breadcrumb":{"@id":"https:\/\/travelwithziggy.com\/navette-aeroport\/#breadcrumb"},"inLanguage":"en-GB","potentialAction":[{"@type":"ReadAction","target":["https:\/\/travelwithziggy.com\/navette-aeroport\/"]}]},{"@type":"ImageObject","inLanguage":"en-GB","@id":"https:\/\/travelwithziggy.com\/navette-aeroport\/#primaryimage","url":"https:\/\/travelwithziggy.com\/wp-content\/uploads\/2022\/11\/IMG-6332.jpg","contentUrl":"https:\/\/travelwithziggy.com\/wp-content\/uploads\/2022\/11\/IMG-6332.jpg","width":1125,"height":1127,"caption":"Agence de voyage"},{"@type":"BreadcrumbList","@id":"https:\/\/travelwithziggy.com\/navette-aeroport\/#breadcrumb","itemListElement":[{"@type":"ListItem","position":1,"name":"Accueil","item":"https:\/\/travelwithziggy.com\/"},{"@type":"ListItem","position":2,"name":"Navette A\u00e9roport"}]},{"@type":"WebSite","@id":"https:\/\/travelwithziggy.com\/#website","url":"https:\/\/travelwithziggy.com\/","name":"TravelWithZiggy","description":"Explore le monde avec moi","publisher":{"@id":"https:\/\/travelwithziggy.com\/#organization"},"potentialAction":[{"@type":"SearchAction","target":{"@type":"EntryPoint","urlTemplate":"https:\/\/travelwithziggy.com\/?s={search_term_string}"},"query-input":{"@type":"PropertyValueSpecification","valueRequired":true,"valueName":"search_term_string"}}],"inLanguage":"en-GB"},{"@type":"Organization","@id":"https:\/\/travelwithziggy.com\/#organization","name":"Travelwithziggy","url":"https:\/\/travelwithziggy.com\/","logo":{"@type":"ImageObject","inLanguage":"en-GB","@id":"https:\/\/travelwithziggy.com\/#\/schema\/logo\/image\/","url":"https:\/\/travelwithziggy.com\/wp-content\/uploads\/2022\/11\/T.W.Z-logotype-1.png","contentUrl":"https:\/\/travelwithziggy.com\/wp-content\/uploads\/2022\/11\/T.W.Z-logotype-1.png","width":2794,"height":2794,"caption":"Travelwithziggy"},"image":{"@id":"https:\/\/travelwithziggy.com\/#\/schema\/logo\/image\/"},"sameAs":["https:\/\/www.facebook.com\/travelwithziggy\/","https:\/\/x.com\/travelwithziggy","https:\/\/www.instagram.com\/travelwithziggy\/"],"description":"Travelwithziggy est un tour op\u00e9rateur qui a \u00e9t\u00e9 mis en place par Ziggy Faye, jeune aventurier passionn\u00e9 de voyage et de d\u00e9couvertes. Cette entreprise bas\u00e9e \u00e0 Dakar, au S\u00e9n\u00e9gal, se veut une envergure internationale en faisant voyager des gens venant des quatre coins du monde.","email":"info@travelwithziggy.com","telephone":"+221 77 629 09 09","legalName":"Travelwithziggy","numberOfEmployees":{"@type":"QuantitativeValue","minValue":"1","maxValue":"10"}}]}},"_links":{"self":[{"href":"https:\/\/travelwithziggy.com\/en\/wp-json\/wp\/v2\/pages\/985","targetHints":{"allow":["GET"]}}],"collection":[{"href":"https:\/\/travelwithziggy.com\/en\/wp-json\/wp\/v2\/pages"}],"about":[{"href":"https:\/\/travelwithziggy.com\/en\/wp-json\/wp\/v2\/types\/page"}],"author":[{"embeddable":true,"href":"https:\/\/travelwithziggy.com\/en\/wp-json\/wp\/v2\/users\/8"}],"replies":[{"embeddable":true,"href":"https:\/\/travelwithziggy.com\/en\/wp-json\/wp\/v2\/comments?post=985"}],"version-history":[{"count":1,"href":"https:\/\/travelwithziggy.com\/en\/wp-json\/wp\/v2\/pages\/985\/revisions"}],"predecessor-version":[{"id":2131,"href":"https:\/\/travelwithziggy.com\/en\/wp-json\/wp\/v2\/pages\/985\/revisions\/2131"}],"wp:featuredmedia":[{"embeddable":true,"href":"https:\/\/travelwithziggy.com\/en\/wp-json\/wp\/v2\/media\/1349"}],"wp:attachment":[{"href":"https:\/\/travelwithziggy.com\/en\/wp-json\/wp\/v2\/media?parent=985"}],"curies":[{"name":"wp","href":"https:\/\/api.w.org\/{rel}","templated":true}]}}